{"id":2110,"date":"2025-09-27T12:32:00","date_gmt":"2025-09-27T11:32:00","guid":{"rendered":"https:\/\/ziher-hise.si\/arhitektonski-ured-ziher\/"},"modified":"2025-12-02T13:23:55","modified_gmt":"2025-12-02T12:23:55","slug":"arhitektonski-ured-ziher","status":"publish","type":"page","link":"https:\/\/ziher-hise.si\/hr\/arhitektonski-ured-ziher\/","title":{"rendered":"Arhitektonski ured \u017diher"},"content":{"rendered":"[vc_row type=\u201dfull_width_background\u201d full_screen_row_position=\u201dmiddle\u201d column_margin=\u201d70px\u201d equal_height=\u201dyes\u201d content_placement=\u201dtop\u201d column_direction=\u201ddefault\u201d column_direction_tablet=\u201dcolumn_reverse\u201d column_direction_phone=\u201dcolumn_reverse\u201d scene_position=\u201dcenter\u201d top_padding=\u201d100px\u201d constrain_group_1=\u201dyes\u201d bottom_padding=\u201d100px\u201d constrain_group_3=\u201dyes\u201d top_padding_phone=\u201d50px\u201d bottom_padding_phone=\u201d20px\u201d text_color=\u201ddark\u201d text_align=\u201dleft\u201d row_border_radius=\u201dnone\u201d row_border_radius_applies=\u201dbg\u201d overflow=\u201dvisible\u201d class=\u201dmb0 opodjetju\u201d overlay_strength=\u201d0.3&#8243; gradient_direction=\u201dleft_to_right\u201d shape_divider_position=\u201dbottom\u201d bg_image_animation=\u201dnone\u201d gradient_type=\u201ddefault\u201d shape_type=\u201d\u201d][vc_column column_padding=\u201dno-extra-padding\u201d column_padding_tablet=\u201dinherit\u201d column_padding_phone=\u201dinherit\u201d column_padding_position=\u201dall\u201d column_element_direction_desktop=\u201ddefault\u201d column_element_spacing=\u201ddefault\u201d desktop_text_alignment=\u201ddefault\u201d tablet_text_alignment=\u201ddefault\u201d phone_text_alignment=\u201ddefault\u201d background_color_opacity=\u201d1&#8243; background_hover_color_opacity=\u201d1&#8243; background_image=\u201d1414&#8243; background_image_position=\u201dcenter center\u201d background_image_stacking=\u201ddefault\u201d enable_bg_scale=\u201dtrue\u201d background_image_loading=\u201ddefault\u201d column_backdrop_filter=\u201dnone\u201d column_shadow=\u201dnone\u201d column_border_radius=\u201dnone\u201d column_link_target=\u201d_self\u201d column_position=\u201ddefault\u201d el_class=\u201donas_bgfix\u201d gradient_direction=\u201dleft_to_right\u201d overlay_strength=\u201d0.3&#8243; width=\u201d1\/2&#8243; tablet_width_inherit=\u201ddefault\u201d animation_type=\u201ddefault\u201d bg_image_animation=\u201dnone\u201d border_type=\u201dsimple\u201d column_border_width=\u201dnone\u201d column_border_style=\u201dsolid\u201d column_padding_type=\u201ddefault\u201d gradient_type=\u201ddefault\u201d][image_with_animation image_url=\u201d1415&#8243; image_size=\u201dfull\u201d max_width=\u201dcustom\u201d animation_type=\u201dentrance\u201d animation=\u201dNone\u201d animation_movement_type=\u201dtransform_y\u201d hover_animation=\u201dnone\u201d alignment=\u201d\u201d border_radius=\u201dnone\u201d box_shadow=\u201dnone\u201d image_loading=\u201ddefault\u201d position_desktop=\u201drelative\u201d top_position_desktop=\u201d50px\u201d max_width_custom=\u201d265px\u201d][divider line_type=\u201dNo Line\u201d custom_height=\u201d200&#8243;][\/vc_column][vc_column column_padding=\u201dno-extra-padding\u201d column_padding_tablet=\u201dinherit\u201d column_padding_phone=\u201dinherit\u201d column_padding_position=\u201dall\u201d column_element_direction_desktop=\u201ddefault\u201d column_element_spacing=\u201ddefault\u201d desktop_text_alignment=\u201ddefault\u201d tablet_text_alignment=\u201ddefault\u201d phone_text_alignment=\u201ddefault\u201d background_color_opacity=\u201d1&#8243; background_hover_color_opacity=\u201d1&#8243; column_backdrop_filter=\u201dnone\u201d column_shadow=\u201dnone\u201d column_border_radius=\u201dnone\u201d column_link_target=\u201d_self\u201d column_position=\u201ddefault\u201d gradient_direction=\u201dleft_to_right\u201d overlay_strength=\u201d0.3&#8243; width=\u201d1\/2&#8243; tablet_width_inherit=\u201ddefault\u201d animation_type=\u201ddefault\u201d bg_image_animation=\u201dnone\u201d border_type=\u201dsimple\u201d column_border_width=\u201dnone\u201d column_border_style=\u201dsolid\u201d][split_line_heading animation_type=\u201dline-reveal-by-space\u201d font_style=\u201dh2&#8243; text_color=\u201d#000000&#8243; line_reveal_by_space_text_effect=\u201dnone\u201d content_alignment=\u201dleft\u201d mobile_content_alignment=\u201dleft\u201d link_target=\u201d_self\u201d text_content=\u201dPrilagodljive tipske ku\u0107e po mjeri\u201d text_direction=\u201ddefault\u201d]Od slovenskog trupca do slovenske ku\u0107e![\/split_line_heading][vc_column_text css=\u201d\u201d text_direction=\u201ddefault\u201d max_width=\u201d400&#8243;]\n<p data-start=\"69\" data-end=\"427\">Svaki model iz kataloga <strong data-start=\"92\" data-end=\"105\">\u017diher hi\u0161<\/strong> samo je polazi\u0161te \u2013 osnova koju u potpunosti mo\u017eete prilagoditi svojim \u017eeljama, potrebama i \u017eivotnom stilu.<\/p>\n<p data-start=\"69\" data-end=\"427\">Zajedno s internim timom arhitekata i projektanata mo\u017eete prilagoditi tlocrt, sastav zidova i brojne druge elemente. Rezultat je dom koji je funkcionalno, estetski i tehni\u010dki potpuno uskla\u0111en s va\u0161om obitelji. <\/p>\n<p data-start=\"429\" data-end=\"651\">Na\u0161 tim vam je uvijek na raspolaganju za pitanja, stru\u010dne savjete i podr\u0161ku tijekom cijelog procesa gradnje. Zajedno \u0107emo stvoriti dom po va\u0161im \u017eeljama \u2013 prostor u koji \u0107ete se rado vra\u0107ati i u njemu u\u017eivati svaki dan. <\/p>\n[\/vc_column_text][\/vc_column][\/vc_row][vc_row type=\u201dfull_width_background\u201d full_screen_row_position=\u201dmiddle\u201d column_margin=\u201d50px\u201d equal_height=\u201dyes\u201d content_placement=\u201dmiddle\u201d column_direction=\u201ddefault\u201d column_direction_tablet=\u201ddefault\u201d column_direction_phone=\u201ddefault\u201d scene_position=\u201dcenter\u201d bottom_padding=\u201d100px\u201d constrain_group_3=\u201dyes\u201d top_padding_phone=\u201d0px\u201d bottom_padding_phone=\u201d50px\u201d text_color=\u201dlight\u201d text_align=\u201dleft\u201d row_border_radius=\u201dnone\u201d row_border_radius_applies=\u201dbg\u201d overflow=\u201dvisible\u201d class=\u201dmb0 opodjetju\u201d overlay_strength=\u201d0.3&#8243; gradient_direction=\u201dleft_to_right\u201d shape_divider_position=\u201dbottom\u201d bg_image_animation=\u201dnone\u201d gradient_type=\u201ddefault\u201d shape_type=\u201d\u201d][vc_column column_padding=\u201dno-extra-padding\u201d column_padding_tablet=\u201dinherit\u201d column_padding_phone=\u201dinherit\u201d column_padding_position=\u201dall\u201d column_element_direction_desktop=\u201ddefault\u201d column_element_spacing=\u201ddefault\u201d desktop_text_alignment=\u201ddefault\u201d tablet_text_alignment=\u201ddefault\u201d phone_text_alignment=\u201ddefault\u201d background_color_opacity=\u201d1&#8243; background_hover_color_opacity=\u201d1&#8243; column_backdrop_filter=\u201dnone\u201d column_shadow=\u201dnone\u201d column_border_radius=\u201dnone\u201d column_link_target=\u201d_self\u201d column_position=\u201ddefault\u201d gradient_direction=\u201dleft_to_right\u201d overlay_strength=\u201d0.3&#8243; width=\u201d1\/2&#8243; tablet_width_inherit=\u201ddefault\u201d animation_type=\u201ddefault\u201d bg_image_animation=\u201dnone\u201d border_type=\u201dsimple\u201d column_border_width=\u201dnone\u201d column_border_style=\u201dsolid\u201d][split_line_heading animation_type=\u201dline-reveal-by-space\u201d font_style=\u201dh2&#8243; text_color=\u201d#000000&#8243; line_reveal_by_space_text_effect=\u201dnone\u201d content_alignment=\u201dleft\u201d mobile_content_alignment=\u201dleft\u201d link_target=\u201d_self\u201d text_content=\u201dIzvedba potpuno individualnog projekta\u201d text_direction=\u201ddefault\u201d]Izaberite ku\u0107u svojih snova[\/split_line_heading][vc_column_text css=\u201d\u201d text_direction=\u201ddefault\u201d el_class=\u201dcrno2&#8243;]Ako ve\u0107 imate svoju idejnu zamisao ili projekt, tako\u0111er ste na pravom mjestu.<\/p>\n<p><strong>\u017diher hi\u0161e<\/strong> nude potpunu fleksibilnost i stru\u010dnu podr\u0161ku pri izvedbi vlastitih arhitektonskih rje\u0161enja.<\/p>\n<p>Mo\u017eete se odlu\u010diti za suradnju s njihovim timom ili dovesti vlastitog arhitekta, s kojim \u0107e stru\u010dnjaci iz tvrtke aktivno sura\u0111ivati kroz sve faze projekta \u2013 od idejne zamisli do kona\u010dne izvedbe.[\/vc_column_text][\/vc_column][vc_column column_padding=\u201dno-extra-padding\u201d column_padding_tablet=\u201dinherit\u201d column_padding_phone=\u201dinherit\u201d column_padding_position=\u201dall\u201d column_element_direction_desktop=\u201ddefault\u201d column_element_spacing=\u201ddefault\u201d centered_text=\u201dtrue\u201d desktop_text_alignment=\u201dcenter\u201d tablet_text_alignment=\u201ddefault\u201d phone_text_alignment=\u201ddefault\u201d background_color_opacity=\u201d1&#8243; background_hover_color_opacity=\u201d1&#8243; background_image=\u201d1423&#8243; background_image_position=\u201dcenter center\u201d background_image_stacking=\u201ddefault\u201d enable_bg_scale=\u201dtrue\u201d background_image_loading=\u201ddefault\u201d column_backdrop_filter=\u201dnone\u201d font_color=\u201d#ffffff\u201d column_shadow=\u201dnone\u201d column_border_radius=\u201dnone\u201d column_link_target=\u201d_self\u201d column_position=\u201ddefault\u201d gradient_direction=\u201dleft_to_right\u201d overlay_strength=\u201d0.3&#8243; width=\u201d1\/2&#8243; tablet_width_inherit=\u201ddefault\u201d animation_type=\u201ddefault\u201d bg_image_animation=\u201dnone\u201d border_type=\u201dsimple\u201d column_border_width=\u201dnone\u201d column_border_style=\u201dsolid\u201d column_padding_type=\u201ddefault\u201d gradient_type=\u201ddefault\u201d][divider line_type=\u201dNo Line\u201d custom_height=\u201d150&#8243;][divider line_type=\u201dNo Line\u201d custom_height=\u201d150&#8243;][divider line_type=\u201dNo Line\u201d custom_height=\u201d150&#8243;][\/vc_column][\/vc_row][vc_row type=\u201dfull_width_background\u201d full_screen_row_position=\u201dmiddle\u201d column_margin=\u201d70px\u201d equal_height=\u201dyes\u201d content_placement=\u201dmiddle\u201d column_direction=\u201ddefault\u201d column_direction_tablet=\u201ddefault\u201d column_direction_phone=\u201ddefault\u201d bg_image=\u201d245&#8243; bg_position=\u201dleft top\u201d background_image_loading=\u201ddefault\u201d bg_repeat=\u201dno-repeat\u201d scene_position=\u201dcenter\u201d top_padding=\u201d100px\u201d constrain_group_1=\u201dyes\u201d bottom_padding=\u201d100px\u201d top_padding_phone=\u201d50px\u201d constrain_group_5=\u201dyes\u201d bottom_padding_phone=\u201d50px\u201d text_color=\u201ddark\u201d text_align=\u201dleft\u201d row_border_radius=\u201dnone\u201d row_border_radius_applies=\u201dbg\u201d overflow=\u201dvisible\u201d class=\u201dmb0&#8243; color_overlay=\u201d#fffcfc\u201d overlay_strength=\u201d0.5&#8243; gradient_direction=\u201dleft_to_right\u201d shape_divider_position=\u201dbottom\u201d bg_image_animation=\u201dnone\u201d gradient_type=\u201ddefault\u201d shape_type=\u201d\u201d][vc_column column_padding=\u201dno-extra-padding\u201d column_padding_tablet=\u201dinherit\u201d column_padding_phone=\u201dinherit\u201d column_padding_position=\u201dall\u201d column_element_direction_desktop=\u201ddefault\u201d column_element_spacing=\u201ddefault\u201d desktop_text_alignment=\u201ddefault\u201d tablet_text_alignment=\u201ddefault\u201d phone_text_alignment=\u201ddefault\u201d background_color_opacity=\u201d1&#8243; background_hover_color_opacity=\u201d1&#8243; column_backdrop_filter=\u201dnone\u201d column_shadow=\u201dnone\u201d column_border_radius=\u201dnone\u201d column_link_target=\u201d_self\u201d column_position=\u201ddefault\u201d gradient_direction=\u201dleft_to_right\u201d overlay_strength=\u201d0.3&#8243; width=\u201d2\/3&#8243; tablet_width_inherit=\u201ddefault\u201d animation_type=\u201ddefault\u201d bg_image_animation=\u201dnone\u201d border_type=\u201dsimple\u201d column_border_width=\u201dnone\u201d column_border_style=\u201dsolid\u201d][split_line_heading animation_type=\u201dline-reveal-by-space\u201d font_style=\u201dh2&#8243; text_color=\u201d#000000&#8243; line_reveal_by_space_text_effect=\u201dnone\u201d content_alignment=\u201dleft\u201d mobile_content_alignment=\u201dleft\u201d link_target=\u201d_self\u201d text_content=\u201dTina Preac mag. in\u017e. arh.  \u201d text_direction=\u201ddefault\u201d][\/split_line_heading][vc_column_text css=\u201d\u201d text_direction=\u201ddefault\u201d max_width=\u201d740&#8243;]<strong>glavna arhitektica i tehni\u010dka direktorica \u017diher d.o.o.<\/strong>[\/vc_column_text][vc_column_text css=\u201d\u201d text_direction=\u201ddefault\u201d max_width=\u201d740&#8243;]Kao glavna arhitektica i tehni\u010dka direktorica \u017diher hi\u0161, mag.in\u017e.arh. Tina Preac, svjedo\u010dim iznimnom rastu na\u0161e tvrtke. Svaki projekt koji zapo\u010dnemo nosi pri\u010du o inovacijama i strasti prema stvaranju odr\u017eivih domova koji oboga\u0107uju \u017eivote na\u0161ih klijenata.<\/p>\n<p>Na\u0161a je vizija ne samo pratiti razvoj tr\u017ei\u0161ta, ve\u0107 biti korak ispred njega, oblikuju\u0107i budu\u0107nost stanovanja srcem i razumijevanjem potreba suvremenog svijeta.<\/p>\n<p>Zajedno sa svojim timom obvezujemo se osigurati domove koji nisu samo sigurni i estetski dovr\u0161eni, ve\u0107 su i izraz na\u0161e predanosti zajednici i okoli\u0161u.<\/p>\n<p>Ovo je put pun izazova, ali i dubokih zadovoljstava, jer svaki novi dom zna\u010di novi po\u010detak za nekoga drugdje.[\/vc_column_text][\/vc_column][vc_column column_padding=\u201dno-extra-padding\u201d column_padding_tablet=\u201dinherit\u201d column_padding_phone=\u201dinherit\u201d column_padding_position=\u201dall\u201d column_element_direction_desktop=\u201ddefault\u201d column_element_spacing=\u201ddefault\u201d desktop_text_alignment=\u201ddefault\u201d tablet_text_alignment=\u201ddefault\u201d phone_text_alignment=\u201ddefault\u201d background_color_opacity=\u201d1&#8243; background_hover_color_opacity=\u201d1&#8243; column_backdrop_filter=\u201dnone\u201d column_shadow=\u201dnone\u201d column_border_radius=\u201dnone\u201d column_link_target=\u201d_self\u201d column_position=\u201ddefault\u201d gradient_direction=\u201dleft_to_right\u201d overlay_strength=\u201d0.3&#8243; width=\u201d1\/3&#8243; tablet_width_inherit=\u201ddefault\u201d animation_type=\u201ddefault\u201d bg_image_animation=\u201dnone\u201d border_type=\u201dsimple\u201d column_border_width=\u201dnone\u201d column_border_style=\u201dsolid\u201d][image_with_animation image_url=\u201d1480&#8243; image_size=\u201dfull\u201d max_width=\u201d100%\u201d max_width_mobile=\u201ddefault\u201d animation_type=\u201dentrance\u201d animation=\u201dNone\u201d animation_movement_type=\u201dtransform_y\u201d hover_animation=\u201dnone\u201d alignment=\u201d\u201d border_radius=\u201dnone\u201d box_shadow=\u201dnone\u201d image_loading=\u201ddefault\u201d][\/vc_column][\/vc_row][vc_row type=\u201dfull_width_background\u201d full_screen_row_position=\u201dmiddle\u201d column_margin=\u201d70px\u201d equal_height=\u201dyes\u201d content_placement=\u201dmiddle\u201d column_direction=\u201ddefault\u201d column_direction_tablet=\u201dcolumn_reverse\u201d column_direction_phone=\u201dcolumn_reverse\u201d scene_position=\u201dcenter\u201d top_padding=\u201d100px\u201d constrain_group_1=\u201dyes\u201d bottom_padding=\u201d100px\u201d constrain_group_3=\u201dyes\u201d top_padding_phone=\u201d50px\u201d bottom_padding_phone=\u201d20px\u201d text_color=\u201ddark\u201d text_align=\u201dleft\u201d row_border_radius=\u201dnone\u201d row_border_radius_applies=\u201dbg\u201d overflow=\u201dvisible\u201d class=\u201dmb0 opodjetju\u201d overlay_strength=\u201d0.3&#8243; gradient_direction=\u201dleft_to_right\u201d shape_divider_position=\u201dbottom\u201d bg_image_animation=\u201dnone\u201d gradient_type=\u201ddefault\u201d shape_type=\u201d\u201d][vc_column column_padding=\u201dno-extra-padding\u201d column_padding_tablet=\u201dinherit\u201d column_padding_phone=\u201dinherit\u201d column_padding_position=\u201dall\u201d column_element_direction_desktop=\u201ddefault\u201d column_element_spacing=\u201ddefault\u201d desktop_text_alignment=\u201ddefault\u201d tablet_text_alignment=\u201ddefault\u201d phone_text_alignment=\u201ddefault\u201d background_color_opacity=\u201d1&#8243; background_hover_color_opacity=\u201d1&#8243; column_backdrop_filter=\u201dnone\u201d column_shadow=\u201dnone\u201d column_border_radius=\u201dnone\u201d column_link_target=\u201d_self\u201d column_position=\u201ddefault\u201d gradient_direction=\u201dleft_to_right\u201d overlay_strength=\u201d0.3&#8243; width=\u201d1\/2&#8243; tablet_width_inherit=\u201ddefault\u201d animation_type=\u201ddefault\u201d bg_image_animation=\u201dnone\u201d border_type=\u201dsimple\u201d column_border_width=\u201dnone\u201d column_border_style=\u201dsolid\u201d column_padding_type=\u201ddefault\u201d gradient_type=\u201ddefault\u201d][image_with_animation image_url=\u201d1383&#8243; image_size=\u201dfull\u201d max_width=\u201d100%\u201d max_width_mobile=\u201ddefault\u201d animation_type=\u201dentrance\u201d animation=\u201dNone\u201d animation_movement_type=\u201dtransform_y\u201d hover_animation=\u201dnone\u201d alignment=\u201d\u201d border_radius=\u201dnone\u201d box_shadow=\u201dnone\u201d image_loading=\u201ddefault\u201d][\/vc_column][vc_column column_padding=\u201dno-extra-padding\u201d column_padding_tablet=\u201dinherit\u201d column_padding_phone=\u201dinherit\u201d column_padding_position=\u201dall\u201d column_element_direction_desktop=\u201ddefault\u201d column_element_spacing=\u201ddefault\u201d desktop_text_alignment=\u201ddefault\u201d tablet_text_alignment=\u201ddefault\u201d phone_text_alignment=\u201ddefault\u201d background_color_opacity=\u201d1&#8243; background_hover_color_opacity=\u201d1&#8243; column_backdrop_filter=\u201dnone\u201d column_shadow=\u201dnone\u201d column_border_radius=\u201dnone\u201d column_link_target=\u201d_self\u201d column_position=\u201ddefault\u201d gradient_direction=\u201dleft_to_right\u201d overlay_strength=\u201d0.3&#8243; width=\u201d1\/2&#8243; tablet_width_inherit=\u201ddefault\u201d animation_type=\u201ddefault\u201d bg_image_animation=\u201dnone\u201d border_type=\u201dsimple\u201d column_border_width=\u201dnone\u201d column_border_style=\u201dsolid\u201d][split_line_heading animation_type=\u201dline-reveal-by-space\u201d font_style=\u201dh2&#8243; text_color=\u201d#000000&#8243; line_reveal_by_space_text_effect=\u201dnone\u201d content_alignment=\u201dleft\u201d mobile_content_alignment=\u201dleft\u201d link_target=\u201d_self\u201d text_content=\u201dARHITEKTONSKI URED 2010&#8243; text_direction=\u201ddefault\u201d]Od slovenskog trupca do slovenske ku\u0107e![\/split_line_heading][vc_column_text css=\u201d\u201d text_direction=\u201ddefault\u201d]U\u010dinkovitom organizacijom, prilagodljivo\u0161\u0107u i usmjereno\u0161\u0107u na \u017eelje investitora osiguravamo brzu pripremu projektne dokumentacije, prilago\u0111ene svakoj monta\u017enoj ku\u0107i posebno. U projektima poduze\u0107a \u017diher nadahnjuje nas jasna vizija kvalitetnog stanovanja, koju podr\u017eavamo stru\u010dno i a\u017eurno pripremljenom dokumentacijom. Suradnja s timom te\u010de glatko i profesionalno, \u0161to omogu\u0107uje nesmetan tijek projekata i zadovoljstvo svih uklju\u010denih.[\/vc_column_text][\/vc_column][\/vc_row][vc_row type=\u201dfull_width_background\u201d full_screen_row_position=\u201dmiddle\u201d column_margin=\u201d60px\u201d equal_height=\u201dyes\u201d content_placement=\u201dmiddle\u201d column_direction=\u201ddefault\u201d column_direction_tablet=\u201ddefault\u201d column_direction_phone=\u201ddefault\u201d bg_image=\u201d245&#8243; bg_position=\u201dleft top\u201d background_image_loading=\u201ddefault\u201d bg_repeat=\u201dno-repeat\u201d scene_position=\u201dcenter\u201d top_padding=\u201d100px\u201d constrain_group_1=\u201dyes\u201d bottom_padding=\u201d100px\u201d top_padding_phone=\u201d50px\u201d constrain_group_5=\u201dyes\u201d bottom_padding_phone=\u201d50px\u201d text_color=\u201ddark\u201d text_align=\u201dleft\u201d row_border_radius=\u201dnone\u201d row_border_radius_applies=\u201dbg\u201d overflow=\u201dvisible\u201d class=\u201dmb0&#8243; color_overlay=\u201d#fffcfc\u201d overlay_strength=\u201d0.5&#8243; gradient_direction=\u201dleft_to_right\u201d shape_divider_position=\u201dbottom\u201d bg_image_animation=\u201dnone\u201d gradient_type=\u201ddefault\u201d shape_type=\u201d\u201d][vc_column column_padding=\u201dno-extra-padding\u201d column_padding_tablet=\u201dinherit\u201d column_padding_phone=\u201dinherit\u201d column_padding_position=\u201dall\u201d column_element_direction_desktop=\u201ddefault\u201d column_element_spacing=\u201ddefault\u201d desktop_text_alignment=\u201ddefault\u201d tablet_text_alignment=\u201ddefault\u201d phone_text_alignment=\u201ddefault\u201d background_color_opacity=\u201d1&#8243; background_hover_color_opacity=\u201d1&#8243; column_backdrop_filter=\u201dnone\u201d column_shadow=\u201dnone\u201d column_border_radius=\u201dnone\u201d column_link_target=\u201d_self\u201d column_position=\u201ddefault\u201d gradient_direction=\u201dleft_to_right\u201d overlay_strength=\u201d0.3&#8243; width=\u201d1\/2&#8243; tablet_width_inherit=\u201ddefault\u201d animation_type=\u201ddefault\u201d bg_image_animation=\u201dnone\u201d border_type=\u201dsimple\u201d column_border_width=\u201dnone\u201d column_border_style=\u201dsolid\u201d][split_line_heading animation_type=\u201dline-reveal-by-space\u201d font_style=\u201dh2&#8243; text_color=\u201d#000000&#8243; line_reveal_by_space_text_effect=\u201dnone\u201d content_alignment=\u201dleft\u201d mobile_content_alignment=\u201dleft\u201d link_target=\u201d_self\u201d text_content=\u201dTomori arhitekti d.o.o\u201d text_direction=\u201ddefault\u201d][\/split_line_heading][vc_column_text css=\u201d\u201d text_direction=\u201ddefault\u201d max_width=\u201d740&#8243;]<strong>Alenka K.Tomori udia<\/strong>[\/vc_column_text][vc_column_text css=\u201d\u201d text_direction=\u201ddefault\u201d max_width=\u201d740&#8243;]Projektiranje i cjelovito oblikovanje prostora na\u0161e je vodilo. Oblikovanje stambene ku\u0107e, koje su osnovni proizvod \u017diher d.o.o., s kojima nas ve\u017ee dugogodi\u0161nja suradnja, predstavlja primarne zadatke na\u0161eg ureda. Uvijek su nam izazov gradnje s vi\u0161e prostornih ograni\u010denja, gdje je potrebno prona\u0107i racionalno i istovremeno funkcionalno rje\u0161enje, koje jo\u0161 uvijek uzima u obzir \u017eelje naru\u010ditelja.[\/vc_column_text][\/vc_column][vc_column column_padding=\u201dno-extra-padding\u201d column_padding_tablet=\u201dinherit\u201d column_padding_phone=\u201dinherit\u201d column_padding_position=\u201dall\u201d column_element_direction_desktop=\u201ddefault\u201d column_element_spacing=\u201ddefault\u201d desktop_text_alignment=\u201ddefault\u201d tablet_text_alignment=\u201ddefault\u201d phone_text_alignment=\u201ddefault\u201d background_color_opacity=\u201d1&#8243; background_hover_color_opacity=\u201d1&#8243; column_backdrop_filter=\u201dnone\u201d column_shadow=\u201dnone\u201d column_border_radius=\u201dnone\u201d column_link_target=\u201d_self\u201d column_position=\u201ddefault\u201d gradient_direction=\u201dleft_to_right\u201d overlay_strength=\u201d0.3&#8243; width=\u201d1\/2&#8243; tablet_width_inherit=\u201ddefault\u201d animation_type=\u201ddefault\u201d bg_image_animation=\u201dnone\u201d border_type=\u201dsimple\u201d column_border_width=\u201dnone\u201d column_border_style=\u201dsolid\u201d][image_with_animation image_url=\u201d1384&#8243; image_size=\u201dfull\u201d max_width=\u201d100%\u201d max_width_mobile=\u201ddefault\u201d animation_type=\u201dentrance\u201d animation=\u201dNone\u201d animation_movement_type=\u201dtransform_y\u201d hover_animation=\u201dnone\u201d alignment=\u201d\u201d border_radius=\u201dnone\u201d box_shadow=\u201dnone\u201d image_loading=\u201ddefault\u201d][\/vc_column][\/vc_row][vc_row type=\u201din_container\u201d full_screen_row_position=\u201dmiddle\u201d column_margin=\u201ddefault\u201d column_direction=\u201ddefault\u201d column_direction_tablet=\u201ddefault\u201d column_direction_phone=\u201ddefault\u201d scene_position=\u201dcenter\u201d text_color=\u201ddark\u201d text_align=\u201dleft\u201d row_border_radius=\u201dnone\u201d row_border_radius_applies=\u201dbg\u201d overflow=\u201dvisible\u201d overlay_strength=\u201d0.3&#8243; gradient_direction=\u201dleft_to_right\u201d shape_divider_position=\u201dbottom\u201d bg_image_animation=\u201dnone\u201d][vc_column column_padding=\u201dno-extra-padding\u201d column_padding_tablet=\u201dinherit\u201d column_padding_phone=\u201dinherit\u201d column_padding_position=\u201dall\u201d column_element_direction_desktop=\u201ddefault\u201d column_element_spacing=\u201ddefault\u201d desktop_text_alignment=\u201ddefault\u201d tablet_text_alignment=\u201ddefault\u201d phone_text_alignment=\u201ddefault\u201d background_color_opacity=\u201d1&#8243; background_hover_color_opacity=\u201d1&#8243; column_backdrop_filter=\u201dnone\u201d column_shadow=\u201dnone\u201d column_border_radius=\u201dnone\u201d column_link_target=\u201d_self\u201d column_position=\u201ddefault\u201d gradient_direction=\u201dleft_to_right\u201d overlay_strength=\u201d0.3&#8243; width=\u201d1\/1&#8243; tablet_width_inherit=\u201ddefault\u201d animation_type=\u201ddefault\u201d bg_image_animation=\u201dnone\u201d border_type=\u201dsimple\u201d column_border_width=\u201dnone\u201d column_border_style=\u201dsolid\u201d][nectar_global_section id=\u201d395&#8243;][\/vc_column][\/vc_row]\n","protected":false},"excerpt":{"rendered":"<p>[vc_row type=\u201dfull_width_background\u201d full_screen_row_position=\u201dmiddle\u201d column_margin=\u201d70px\u201d equal_height=\u201dyes\u201d content_placement=\u201dtop\u201d column_direction=\u201ddefault\u201d column_direction_tablet=\u201dcolumn_reverse\u201d column_direction_phone=\u201dcolumn_reverse\u201d scene_position=\u201dcenter\u201d top_padding=\u201d100px\u201d constrain_group_1=\u201dyes\u201d bottom_padding=\u201d100px\u201d constrain_group_3=\u201dyes\u201d top_padding_phone=\u201d50px\u201d&#8230;<\/p>\n","protected":false},"author":1,"featured_media":0,"parent":0,"menu_order":0,"comment_status":"closed","ping_status":"closed","template":"","meta":{"inline_featured_image":false,"footnotes":""},"class_list":["post-2110","page","type-page","status-publish"],"_links":{"self":[{"href":"https:\/\/ziher-hise.si\/hr\/wp-json\/wp\/v2\/pages\/2110","targetHints":{"allow":["GET"]}}],"collection":[{"href":"https:\/\/ziher-hise.si\/hr\/wp-json\/wp\/v2\/pages"}],"about":[{"href":"https:\/\/ziher-hise.si\/hr\/wp-json\/wp\/v2\/types\/page"}],"author":[{"embeddable":true,"href":"https:\/\/ziher-hise.si\/hr\/wp-json\/wp\/v2\/users\/1"}],"replies":[{"embeddable":true,"href":"https:\/\/ziher-hise.si\/hr\/wp-json\/wp\/v2\/comments?post=2110"}],"version-history":[{"count":0,"href":"https:\/\/ziher-hise.si\/hr\/wp-json\/wp\/v2\/pages\/2110\/revisions"}],"wp:attachment":[{"href":"https:\/\/ziher-hise.si\/hr\/wp-json\/wp\/v2\/media?parent=2110"}],"curies":[{"name":"wp","href":"https:\/\/api.w.org\/{rel}","templated":true}]}}