{"id":1999,"date":"2025-09-07T13:40:43","date_gmt":"2025-09-07T12:40:43","guid":{"rendered":"https:\/\/ziher-hise.si\/kontakt\/"},"modified":"2025-12-02T13:22:57","modified_gmt":"2025-12-02T12:22:57","slug":"kontakt","status":"publish","type":"page","link":"https:\/\/ziher-hise.si\/hr\/kontakt\/","title":{"rendered":"Kontakt"},"content":{"rendered":"[vc_row type=\u201dfull_width_background\u201d full_screen_row_position=\u201dmiddle\u201d column_margin=\u201ddefault\u201d equal_height=\u201dyes\u201d content_placement=\u201dtop\u201d column_direction=\u201ddefault\u201d column_direction_tablet=\u201ddefault\u201d column_direction_phone=\u201ddefault\u201d bg_image=\u201d245&#8243; bg_position=\u201dleft top\u201d background_image_loading=\u201ddefault\u201d bg_repeat=\u201dno-repeat\u201d scene_position=\u201dcenter\u201d top_padding=\u201d100px\u201d bottom_padding=\u201d109px\u201d top_padding_phone=\u201d50px\u201d constrain_group_5=\u201dyes\u201d bottom_padding_phone=\u201d50px\u201d text_color=\u201ddark\u201d text_align=\u201dleft\u201d row_border_radius=\u201dnone\u201d row_border_radius_applies=\u201dbg\u201d overflow=\u201dvisible\u201d class=\u201dmb0&#8243; color_overlay=\u201d#fffcfc\u201d overlay_strength=\u201d0.5&#8243; gradient_direction=\u201dleft_to_right\u201d shape_divider_position=\u201dbottom\u201d bg_image_animation=\u201dnone\u201d gradient_type=\u201ddefault\u201d shape_type=\u201d\u201d][vc_column column_padding=\u201dno-extra-padding\u201d column_padding_tablet=\u201dinherit\u201d column_padding_phone=\u201dinherit\u201d column_padding_position=\u201dall\u201d column_element_direction_desktop=\u201ddefault\u201d column_element_spacing=\u201ddefault\u201d desktop_text_alignment=\u201ddefault\u201d tablet_text_alignment=\u201ddefault\u201d phone_text_alignment=\u201ddefault\u201d background_color_opacity=\u201d1&#8243; background_hover_color_opacity=\u201d1&#8243; column_backdrop_filter=\u201dnone\u201d column_shadow=\u201dnone\u201d column_border_radius=\u201dnone\u201d column_link_target=\u201d_self\u201d column_position=\u201ddefault\u201d gradient_direction=\u201dleft_to_right\u201d overlay_strength=\u201d0.3&#8243; width=\u201d1\/4&#8243; tablet_width_inherit=\u201ddefault\u201d animation_type=\u201ddefault\u201d bg_image_animation=\u201dnone\u201d border_type=\u201dsimple\u201d column_border_width=\u201dnone\u201d column_border_style=\u201dsolid\u201d][split_line_heading animation_type=\u201dline-reveal-by-space\u201d font_style=\u201dh2&#8243; text_color=\u201d#000000&#8243; line_reveal_by_space_text_effect=\u201dnone\u201d content_alignment=\u201dleft\u201d mobile_content_alignment=\u201dleft\u201d link_target=\u201d_self\u201d text_content=\u201dUpoznajte na\u0161 tim savjetnika\u201d text_direction=\u201ddefault\u201d][\/split_line_heading][vc_column_text css=\u201d\u201d text_direction=\u201ddefault\u201d]\n<p data-start=\"58\" data-end=\"306\">U <strong data-start=\"62\" data-end=\"77\">\u017diher hi\u0161ama<\/strong> vjerujemo da je svaki dom va\u0161a pri\u010da.<\/p>\n<p data-start=\"58\" data-end=\"306\">Na\u0161 tim stru\u010dnjaka s vi\u0161e od 40 godina iskustva poma\u017ee vam stvoriti kvalitetan, energetski u\u010dinkovit i odr\u017eiv dom, potpuno prilago\u0111en va\u0161im \u017eeljama i \u017eivotnom stilu.<\/p>\n<p data-start=\"308\" data-end=\"375\">Upoznajte nas i zajedno po\u010dnimo pisati pri\u010du va\u0161eg novog doma.<\/p>\n[\/vc_column_text][\/vc_column][vc_column column_padding=\u201dno-extra-padding\u201d column_padding_tablet=\u201dinherit\u201d column_padding_phone=\u201dinherit\u201d column_padding_position=\u201dall\u201d column_element_direction_desktop=\u201ddefault\u201d column_element_spacing=\u201ddefault\u201d desktop_text_alignment=\u201ddefault\u201d tablet_text_alignment=\u201ddefault\u201d phone_text_alignment=\u201ddefault\u201d background_color_opacity=\u201d1&#8243; background_hover_color_opacity=\u201d1&#8243; column_backdrop_filter=\u201dnone\u201d column_shadow=\u201dnone\u201d column_border_radius=\u201dnone\u201d column_link_target=\u201d_self\u201d column_position=\u201ddefault\u201d el_class=\u201dekipa5&#8243; gradient_direction=\u201dleft_to_right\u201d overlay_strength=\u201d0.3&#8243; width=\u201d3\/4&#8243; tablet_width_inherit=\u201ddefault\u201d animation_type=\u201ddefault\u201d bg_image_animation=\u201dnone\u201d border_type=\u201dsimple\u201d column_border_width=\u201dnone\u201d column_border_style=\u201dsolid\u201d column_padding_type=\u201ddefault\u201d gradient_type=\u201ddefault\u201d][vc_row_inner equal_height=\u201dyes\u201d content_placement=\u201dtop\u201d column_margin=\u201ddefault\u201d column_direction=\u201ddefault\u201d column_direction_tablet=\u201ddefault\u201d column_direction_phone=\u201ddefault\u201d text_align=\u201dleft\u201d row_position=\u201ddefault\u201d row_position_tablet=\u201dinherit\u201d row_position_phone=\u201dinherit\u201d overflow=\u201dvisible\u201d pointer_events=\u201dall\u201d class=\u201dtehnologija_block mb0 tehnologija_block2&#8243;][vc_column_inner column_padding=\u201dno-extra-padding\u201d column_padding_tablet=\u201dinherit\u201d column_padding_phone=\u201dinherit\u201d column_padding_position=\u201dall\u201d column_element_direction_desktop=\u201ddefault\u201d column_element_spacing=\u201ddefault\u201d desktop_text_alignment=\u201dcenter\u201d tablet_text_alignment=\u201ddefault\u201d phone_text_alignment=\u201ddefault\u201d background_color_opacity=\u201d1&#8243; background_hover_color_opacity=\u201d1&#8243; column_backdrop_filter=\u201dnone\u201d column_shadow=\u201dnone\u201d column_border_radius=\u201dnone\u201d column_link_target=\u201d_self\u201d overflow=\u201dvisible\u201d gradient_direction=\u201dleft_to_right\u201d overlay_strength=\u201d0.3&#8243; width=\u201d1\/3&#8243; tablet_width_inherit=\u201ddefault\u201d animation_type=\u201ddefault\u201d bg_image_animation=\u201dnone\u201d border_type=\u201dsimple\u201d column_border_width=\u201dnone\u201d column_border_style=\u201dsolid\u201d column_padding_type=\u201ddefault\u201d gradient_type=\u201ddefault\u201d][divider line_type=\u201dNo Line\u201d custom_height=\u201d60&#8243; custom_height_tablet=\u201d50&#8243; custom_height_phone=\u201d30&#8243;][team_member image_url=\u201d655&#8243; team_memeber_style=\u201dmeta_below\u201d link_element=\u201dnone\u201d color=\u201dAccent-Color\u201d name=\u201dBarbara Flaj\u0161man\u201d job_position=\u201dprodajna savjetnica za isto\u010dni dio Slovenije\u201d href=\u201d&#8220;mailto:marko.ziher@ziher.si&#8220;\u201d social=\u201d+386 (0)41 417 069,tel:+38641417069, E-mail,mailto:barbara.flajsman@ziher.si\u201d]T: <a href=\"tel:+386%20(0)2%20743%2008%2040\">+386 (0)2 743 08 40<\/a><br \/>E: <a href=\"mailto:marko.ziher@ziher.si\" data-link=\"mailto:marko.ziher@ziher.si\">marko.ziher@ziher.si<\/a><\/p>\n<p><strong>Lorem Ipsum<\/strong> je jednostavno probni tekst tiskarske i slovoslagarske industrije. Lorem Ipsum je standardni probni tekst industrije jo\u0161 od 1500-ih godina, kada je nepoznati tiskar uzeo \u0161tampani slog i nasumi\u010dno ga promije\u0161ao kako bi napravio knjigu s primjercima teksta. Pre\u017eivio je ne samo pet stolje\u0107a, ve\u0107 i skok u elektroni\u010dko slaganje teksta, ostaju\u0107i u osnovi nepromijenjen. Postao je popularan 1960-ih s izdavanjem listova Letraset koji su sadr\u017eavali odlomke Lorem Ipsum, a nedavno i sa softverom za stolno izdava\u0161tvo kao \u0161to je Aldus PageMaker uklju\u010duju\u0107i verzije Lorem Ipsum.[\/team_member][\/vc_column_inner][vc_column_inner column_padding=\u201dno-extra-padding\u201d column_padding_tablet=\u201dinherit\u201d column_padding_phone=\u201dinherit\u201d column_padding_position=\u201dall\u201d column_element_direction_desktop=\u201ddefault\u201d column_element_spacing=\u201ddefault\u201d desktop_text_alignment=\u201ddefault\u201d tablet_text_alignment=\u201ddefault\u201d phone_text_alignment=\u201ddefault\u201d background_color_opacity=\u201d1&#8243; background_hover_color_opacity=\u201d1&#8243; column_backdrop_filter=\u201dnone\u201d column_shadow=\u201dnone\u201d column_border_radius=\u201dnone\u201d column_link_target=\u201d_self\u201d overflow=\u201dvisible\u201d gradient_direction=\u201dleft_to_right\u201d overlay_strength=\u201d0.3&#8243; width=\u201d1\/3&#8243; tablet_width_inherit=\u201ddefault\u201d animation_type=\u201ddefault\u201d bg_image_animation=\u201dnone\u201d border_type=\u201dsimple\u201d column_border_width=\u201dnone\u201d column_border_style=\u201dsolid\u201d][divider line_type=\u201dNo Line\u201d custom_height=\u201d60&#8243; custom_height_tablet=\u201d50&#8243; custom_height_phone=\u201d30&#8243;][team_member image_url=\u201d656&#8243; team_memeber_style=\u201dmeta_below\u201d link_element=\u201dnone\u201d color=\u201dAccent-Color\u201d name=\u201dDenis Bamburac\u201d job_position=\u201dProdajni savjetnik za zapadni dio Slovenije\u201d href=\u201d&#8220;mailto:marko.ziher@ziher.si&#8220;\u201d social=\u201d+386 (0)51 610 610, tel:+38651610610, E-mail,mailto:denis.bamburac@ziher.si\u201d]T: <a href=\"tel:+386%20(0)2%20743%2008%2040\">+386 (0)2 743 08 40<\/a><br \/>E: <a href=\"mailto:marko.ziher@ziher.si\" data-link=\"mailto:marko.ziher@ziher.si\">marko.ziher@ziher.si<\/a><\/p>\n<p><strong>Lorem Ipsum<\/strong> je jednostavno probni tekst tiskarske i slovoslagarske industrije. Lorem Ipsum je standardni probni tekst industrije jo\u0161 od 1500-ih godina, kada je nepoznati tiskar uzeo \u0161tampani slog i nasumi\u010dno ga promije\u0161ao kako bi napravio knjigu s primjercima teksta. Pre\u017eivio je ne samo pet stolje\u0107a, ve\u0107 i skok u elektroni\u010dko slaganje teksta, ostaju\u0107i u osnovi nepromijenjen. Postao je popularan 1960-ih s izdavanjem listova Letraset koji su sadr\u017eavali odlomke Lorem Ipsum, a nedavno i sa softverom za stolno izdava\u0161tvo kao \u0161to je Aldus PageMaker uklju\u010duju\u0107i verzije Lorem Ipsum.[\/team_member][\/vc_column_inner][vc_column_inner column_padding=\u201dno-extra-padding\u201d column_padding_tablet=\u201dinherit\u201d column_padding_phone=\u201dinherit\u201d column_padding_position=\u201dall\u201d column_element_direction_desktop=\u201ddefault\u201d column_element_spacing=\u201ddefault\u201d desktop_text_alignment=\u201ddefault\u201d tablet_text_alignment=\u201ddefault\u201d phone_text_alignment=\u201ddefault\u201d background_color_opacity=\u201d1&#8243; background_hover_color_opacity=\u201d1&#8243; column_backdrop_filter=\u201dnone\u201d column_shadow=\u201dnone\u201d column_border_radius=\u201dnone\u201d column_link_target=\u201d_self\u201d overflow=\u201dvisible\u201d gradient_direction=\u201dleft_to_right\u201d overlay_strength=\u201d0.3&#8243; width=\u201d1\/3&#8243; tablet_width_inherit=\u201ddefault\u201d animation_type=\u201ddefault\u201d bg_image_animation=\u201dnone\u201d border_type=\u201dsimple\u201d column_border_width=\u201dnone\u201d column_border_style=\u201dsolid\u201d][divider line_type=\u201dNo Line\u201d custom_height=\u201d60&#8243; custom_height_tablet=\u201d50&#8243; custom_height_phone=\u201d30&#8243;][team_member image_url=\u201d658&#8243; team_memeber_style=\u201dmeta_below\u201d link_element=\u201dnone\u201d color=\u201dAccent-Color\u201d name=\u201dDanica Denac\u201d job_position=\u201dProdajni savjetnik \/ Prodajni savjetnik za Hrvatsko tr\u017ei\u0161te\u201d href=\u201d&#8220;mailto:marko.ziher@ziher.si&#8220;\u201d social=\u201d+386 (0)51 408 777,tel:+386051408777, E-mail,mailto:danica.denac@ziher.si\u201d]T: <a href=\"tel:+386%20(0)2%20743%2008%2040\">+386 (0)2 743 08 40<\/a><br \/>E: <a href=\"mailto:marko.ziher@ziher.si\" data-link=\"mailto:marko.ziher@ziher.si\">marko.ziher@ziher.si<\/a><\/p>\n<p><strong>Lorem Ipsum<\/strong> je jednostavno probni tekst tiskarske i slovoslagarske industrije. Lorem Ipsum je standardni probni tekst industrije jo\u0161 od 1500-ih godina, kada je nepoznati tiskar uzeo \u0161tampani slog i nasumi\u010dno ga promije\u0161ao kako bi napravio knjigu s primjercima teksta. Pre\u017eivio je ne samo pet stolje\u0107a, ve\u0107 i skok u elektroni\u010dko slaganje teksta, ostaju\u0107i u osnovi nepromijenjen. Postao je popularan 1960-ih s izdavanjem listova Letraset koji su sadr\u017eavali odlomke Lorem Ipsum, a nedavno i sa softverom za stolno izdava\u0161tvo kao \u0161to je Aldus PageMaker uklju\u010duju\u0107i verzije Lorem Ipsum.[\/team_member][\/vc_column_inner][\/vc_row_inner][\/vc_column][\/vc_row][vc_row type=\u201dfull_width_background\u201d full_screen_row_position=\u201dmiddle\u201d column_margin=\u201d70px\u201d equal_height=\u201dyes\u201d content_placement=\u201dtop\u201d column_direction=\u201ddefault\u201d column_direction_tablet=\u201ddefault\u201d column_direction_phone=\u201ddefault\u201d scene_position=\u201dcenter\u201d top_padding=\u201d100px\u201d constrain_group_1=\u201dyes\u201d bottom_padding=\u201d100px\u201d top_padding_phone=\u201d0px\u201d bottom_padding_phone=\u201d50px\u201d text_color=\u201ddark\u201d text_align=\u201dleft\u201d row_border_radius=\u201dnone\u201d row_border_radius_applies=\u201dbg\u201d overflow=\u201dvisible\u201d class=\u201dmb0 opodjetju\u201d id=\u201dpovprasevanje\u201d overlay_strength=\u201d0.3&#8243; gradient_direction=\u201dleft_to_right\u201d shape_divider_position=\u201dbottom\u201d bg_image_animation=\u201dnone\u201d gradient_type=\u201ddefault\u201d shape_type=\u201d\u201d][vc_column column_padding=\u201dno-extra-padding\u201d column_padding_tablet=\u201dinherit\u201d column_padding_phone=\u201dinherit\u201d column_padding_position=\u201dall\u201d column_element_direction_desktop=\u201ddefault\u201d column_element_spacing=\u201ddefault\u201d desktop_text_alignment=\u201ddefault\u201d tablet_text_alignment=\u201ddefault\u201d phone_text_alignment=\u201ddefault\u201d background_color_opacity=\u201d1&#8243; background_hover_color_opacity=\u201d1&#8243; background_image=\u201d1332&#8243; background_image_position=\u201dcenter center\u201d background_image_stacking=\u201ddefault\u201d enable_bg_scale=\u201dtrue\u201d background_image_loading=\u201ddefault\u201d column_backdrop_filter=\u201dnone\u201d column_shadow=\u201dnone\u201d column_border_radius=\u201dnone\u201d column_link_target=\u201d_self\u201d column_position=\u201ddefault\u201d gradient_direction=\u201dleft_to_right\u201d overlay_strength=\u201d0.3&#8243; width=\u201d1\/2&#8243; tablet_width_inherit=\u201ddefault\u201d animation_type=\u201ddefault\u201d bg_image_animation=\u201dnone\u201d border_type=\u201dsimple\u201d column_border_width=\u201dnone\u201d column_border_style=\u201dsolid\u201d column_padding_type=\u201ddefault\u201d gradient_type=\u201ddefault\u201d offset=\u201dvc_hidden-sm vc_hidden-xs\u201d][\/vc_column][vc_column column_padding=\u201dno-extra-padding\u201d column_padding_tablet=\u201dinherit\u201d column_padding_phone=\u201dinherit\u201d column_padding_position=\u201dall\u201d column_element_direction_desktop=\u201ddefault\u201d column_element_spacing=\u201ddefault\u201d desktop_text_alignment=\u201ddefault\u201d tablet_text_alignment=\u201ddefault\u201d phone_text_alignment=\u201ddefault\u201d background_color_opacity=\u201d1&#8243; background_hover_color_opacity=\u201d1&#8243; column_backdrop_filter=\u201dnone\u201d column_shadow=\u201dnone\u201d column_border_radius=\u201dnone\u201d column_link_target=\u201d_self\u201d column_position=\u201ddefault\u201d gradient_direction=\u201dleft_to_right\u201d overlay_strength=\u201d0.3&#8243; width=\u201d1\/2&#8243; tablet_width_inherit=\u201ddefault\u201d animation_type=\u201ddefault\u201d bg_image_animation=\u201dnone\u201d border_type=\u201dsimple\u201d column_border_width=\u201dnone\u201d column_border_style=\u201dsolid\u201d][divider line_type=\u201dNo Line\u201d custom_height=\u201d0&#8243; custom_height_tablet=\u201d50&#8243; custom_height_phone=\u201d50&#8243;][vc_column_text css=\u201d\u201d text_direction=\u201ddefault\u201d el_class=\u201dnadnaslov skrijmobile\u201d]KONTAKT[\/vc_column_text][split_line_heading animation_type=\u201dline-reveal-by-space\u201d font_style=\u201dh2&#8243; text_color=\u201d#000000&#8243; line_reveal_by_space_text_effect=\u201dnone\u201d content_alignment=\u201dleft\u201d mobile_content_alignment=\u201dleft\u201d link_target=\u201d_self\u201d text_content=\u201dPO\u0160ALJITE UPIT\u201d text_direction=\u201ddefault\u201d]Izaberite ku\u0107u svojih snova[\/split_line_heading][vc_raw_html css=\u201d\u201d el_class=\u201dnewsletter2 mb0&#8243;]W2NvbnRhY3QtZm9ybS03IGlkPSI1YzM0Mzg2IiB0aXRsZT0iT3DEh2VuaXRpIHVwaXQiXQoKPHNjcmlwdD4KZG9jdW1lbnQuYWRkRXZlbnRMaXN0ZW5lcignRE9NQ29udGVudExvYWRlZCcsIGZ1bmN0aW9uICgpIHsKICBjb25zdCBwYXJhbXMgPSBuZXcgVVJMU2VhcmNoUGFyYW1zKHdpbmRvdy5sb2NhdGlvbi5zZWFyY2gpOwogIGNvbnN0IHZhbCA9IHBhcmFtcy5nZXQoJ2hpc2EnKTsKICBpZiAoIXZhbCkgcmV0dXJuOwoKICAvLyBTZWxlY3QgYnkgQ0xBU1MgaW5zdGVhZCBvZiBJRAogIGNvbnN0IHNlbCA9IGRvY3VtZW50LnF1ZXJ5U2VsZWN0b3IoJy5oaXNhLXNlbGVjdCcpOwogIGlmICghc2VsKSByZXR1cm47CgogIGNvbnN0IHRhcmdldCA9ICh2YWwgKyAnJykudG9Mb3dlckNhc2UoKTsKCiAgZm9yIChjb25zdCBvcHQgb2Ygc2VsLm9wdGlvbnMpIHsKICAgIGNvbnN0IHRleHQgPSAob3B0LnZhbHVlIHx8IG9wdC50ZXh0IHx8ICcnKS50b0xvd2VyQ2FzZSgpOwogICAgaWYgKHRleHQgPT09IHRhcmdldCkgewogICAgICBzZWwudmFsdWUgPSBvcHQudmFsdWUgfHwgb3B0LnRleHQ7CiAgICAgIGJyZWFrOwogICAgfQogIH0KfSk7Cjwvc2NyaXB0Pgo=[\/vc_raw_html][\/vc_column][\/vc_row][vc_row type=\u201din_container\u201d full_screen_row_position=\u201dmiddle\u201d column_margin=\u201ddefault\u201d column_direction=\u201ddefault\u201d column_direction_tablet=\u201ddefault\u201d column_direction_phone=\u201ddefault\u201d scene_position=\u201dcenter\u201d text_color=\u201ddark\u201d text_align=\u201dleft\u201d row_border_radius=\u201dnone\u201d row_border_radius_applies=\u201dbg\u201d overflow=\u201dvisible\u201d overlay_strength=\u201d0.3&#8243; gradient_direction=\u201dleft_to_right\u201d shape_divider_position=\u201dbottom\u201d bg_image_animation=\u201dnone\u201d][vc_column column_padding=\u201dno-extra-padding\u201d column_padding_tablet=\u201dinherit\u201d column_padding_phone=\u201dinherit\u201d column_padding_position=\u201dall\u201d column_element_direction_desktop=\u201ddefault\u201d column_element_spacing=\u201ddefault\u201d desktop_text_alignment=\u201ddefault\u201d tablet_text_alignment=\u201ddefault\u201d phone_text_alignment=\u201ddefault\u201d background_color_opacity=\u201d1&#8243; background_hover_color_opacity=\u201d1&#8243; column_backdrop_filter=\u201dnone\u201d column_shadow=\u201dnone\u201d column_border_radius=\u201dnone\u201d column_link_target=\u201d_self\u201d column_position=\u201ddefault\u201d gradient_direction=\u201dleft_to_right\u201d overlay_strength=\u201d0.3&#8243; width=\u201d1\/1&#8243; tablet_width_inherit=\u201ddefault\u201d animation_type=\u201ddefault\u201d bg_image_animation=\u201dnone\u201d border_type=\u201dsimple\u201d column_border_width=\u201dnone\u201d column_border_style=\u201dsolid\u201d][nectar_global_section id=\u201d377&#8243;][\/vc_column][\/vc_row][vc_row type=\u201dfull_width_content\u201d full_screen_row_position=\u201dmiddle\u201d column_margin=\u201dnone\u201d equal_height=\u201dyes\u201d content_placement=\u201dmiddle\u201d column_direction=\u201ddefault\u201d column_direction_tablet=\u201ddefault\u201d column_direction_phone=\u201ddefault\u201d scene_position=\u201dcenter\u201d constrain_group_1=\u201dyes\u201d constrain_group_7=\u201dyes\u201d text_color=\u201ddark\u201d text_align=\u201dleft\u201d row_border_radius=\u201dnone\u201d row_border_radius_applies=\u201dbg\u201d overflow=\u201dvisible\u201d overlay_strength=\u201d0.3&#8243; gradient_direction=\u201dleft_to_right\u201d shape_divider_position=\u201dbottom\u201d bg_image_animation=\u201dnone\u201d gradient_type=\u201ddefault\u201d shape_type=\u201d\u201d][vc_column column_padding=\u201dno-extra-padding\u201d column_padding_tablet=\u201dinherit\u201d column_padding_phone=\u201dinherit\u201d column_padding_position=\u201dall\u201d column_element_direction_desktop=\u201ddefault\u201d column_element_spacing=\u201ddefault\u201d desktop_text_alignment=\u201ddefault\u201d tablet_text_alignment=\u201ddefault\u201d phone_text_alignment=\u201ddefault\u201d background_color_opacity=\u201d1&#8243; background_hover_color_opacity=\u201d1&#8243; column_backdrop_filter=\u201dnone\u201d column_shadow=\u201dnone\u201d column_border_radius=\u201dnone\u201d column_link_target=\u201d_self\u201d column_position=\u201ddefault\u201d gradient_direction=\u201dleft_to_right\u201d overlay_strength=\u201d0.3&#8243; width=\u201d1\/2&#8243; tablet_width_inherit=\u201ddefault\u201d animation_type=\u201ddefault\u201d bg_image_animation=\u201dnone\u201d border_type=\u201dsimple\u201d column_border_width=\u201dnone\u201d column_border_style=\u201dsolid\u201d column_padding_type=\u201ddefault\u201d gradient_type=\u201ddefault\u201d][nectar_gmap map_type=\u201dleaflet\u201d zoom=\u201d7&#8243; marker_style=\u201ddefault\u201d color=\u201daccent-color\u201d size=\u201d790&#8243; map_center_lat=\u201d46.416616&#8243; map_center_lng=\u201d15.985743&#8243; map_markers=\u201d46.407268|16.164405|PE Ormo\u017e &#8211; Opekarni\u0161ka 17a, 2270 Ormo\u017e, SI<br \/> 46.084002|14.483696|PE Ljubljana: \u017diherStudio &#8211; Stegne 11c, 1000 Ljubljana, SI\u201d][\/vc_column][vc_column column_padding=\u201dpadding-5-percent\u201d column_padding_tablet=\u201dinherit\u201d column_padding_phone=\u201dinherit\u201d column_padding_position=\u201dall\u201d column_element_direction_desktop=\u201ddefault\u201d column_element_spacing=\u201ddefault\u201d desktop_text_alignment=\u201ddefault\u201d tablet_text_alignment=\u201ddefault\u201d phone_text_alignment=\u201ddefault\u201d background_color_opacity=\u201d1&#8243; background_hover_color_opacity=\u201d1&#8243; column_backdrop_filter=\u201dnone\u201d column_shadow=\u201dnone\u201d column_border_radius=\u201dnone\u201d column_link_target=\u201d_self\u201d column_position=\u201ddefault\u201d el_class=\u201dlokacije\u201d gradient_direction=\u201dleft_to_right\u201d overlay_strength=\u201d0.3&#8243; width=\u201d1\/2&#8243; tablet_width_inherit=\u201ddefault\u201d animation_type=\u201ddefault\u201d bg_image_animation=\u201dnone\u201d border_type=\u201dsimple\u201d column_border_width=\u201dnone\u201d column_border_style=\u201dsolid\u201d column_padding_type=\u201ddefault\u201d gradient_type=\u201ddefault\u201d][divider line_type=\u201dNo Line\u201d custom_height=\u201d0&#8243; custom_height_tablet=\u201d20&#8243; custom_height_phone=\u201d20&#8243;][vc_column_text css=\u201d\u201d text_direction=\u201ddefault\u201d el_class=\u201dnadnaslov\u201d]LOKACIJE[\/vc_column_text][split_line_heading animation_type=\u201dline-reveal-by-space\u201d font_style=\u201dh2&#8243; line_reveal_by_space_text_effect=\u201dnone\u201d content_alignment=\u201ddefault\u201d mobile_content_alignment=\u201dinherit\u201d link_target=\u201d_self\u201d text_content=\u201dGDJE SE NALAZIMO\u201d text_direction=\u201ddefault\u201d][\/split_line_heading]<div class=\"iwithtext\"><div class=\"iwt-icon\"> <img decoding=\"async\" src=\"https:\/\/ziher-hise.si\/wp-content\/uploads\/2025\/08\/Ikona-lokacija.svg\" alt=\"\" \/> <\/div><div class=\"iwt-text\"> <strong>\u017diher hi\u0161e, d.o.o.<\/strong><br \/>Mo\u0161kanjci 1\/g, 2272 Gori\u0161nica, SI<\/p>\n<p><a href=\"tel:+38641417069\">+386 (0) 41 417 069<br \/><\/a><a href=\"mailto:info@ziher.si\">info@ziher.si<\/a> <\/div><div class=\"clear\"><\/div><\/div>[divider line_type=\u201dNo Line\u201d custom_height=\u201d20&#8243;]<div class=\"iwithtext\"><div class=\"iwt-icon\"> <img decoding=\"async\" src=\"https:\/\/ziher-hise.si\/wp-content\/uploads\/2025\/08\/Ikona-lokacija.svg\" alt=\"\" \/> <\/div><div class=\"iwt-text\"> <strong>PE Ljubljana:<\/strong><br \/>\u017diherStudio Stegne 11c, 1000 Ljubljana, SI<\/p>\n<p><a href=\"tel:+38631668400\">+386 (0)31 668 400<\/a><br \/><a href=\"mailto:studio@ziher.si\">studio@ziher.si<\/a> <\/div><div class=\"clear\"><\/div><\/div>[divider line_type=\u201dNo Line\u201d custom_height=\u201d20&#8243;]<div class=\"iwithtext\"><div class=\"iwt-icon\"> <img decoding=\"async\" src=\"https:\/\/ziher-hise.si\/wp-content\/uploads\/2025\/08\/Ikona-lokacija.svg\" alt=\"\" \/> <\/div><div class=\"iwt-text\"> <strong>PE Ormo\u017e:<\/strong> proizvodnja i uredi<br \/>Opekarni\u0161ka 17a, 2270 Ormo\u017e, SI<\/p>\n<p><a href=\"tel:+38631611674\">+386 (0)31 611 674<\/a><br \/><a href=\"mailto:info@ziher.si\">info@ziher.si<\/a> <\/div><div class=\"clear\"><\/div><\/div>[divider line_type=\u201dNo Line\u201d custom_height=\u201d0&#8243; custom_height_phone=\u201d0&#8243;][\/vc_column][\/vc_row]\n","protected":false},"excerpt":{"rendered":"<p>[vc_row type=\u201dfull_width_background\u201d full_screen_row_position=\u201dmiddle\u201d column_margin=\u201ddefault\u201d equal_height=\u201dyes\u201d content_placement=\u201dtop\u201d column_direction=\u201ddefault\u201d column_direction_tablet=\u201ddefault\u201d column_direction_phone=\u201ddefault\u201d bg_image=\u201d245&#8243; bg_position=\u201dleft top\u201d background_image_loading=\u201ddefault\u201d bg_repeat=\u201dno-repeat\u201d scene_position=\u201dcenter\u201d&#8230;<\/p>\n","protected":false},"author":1,"featured_media":0,"parent":0,"menu_order":0,"comment_status":"closed","ping_status":"closed","template":"","meta":{"inline_featured_image":false,"footnotes":""},"class_list":["post-1999","page","type-page","status-publish"],"_links":{"self":[{"href":"https:\/\/ziher-hise.si\/hr\/wp-json\/wp\/v2\/pages\/1999","targetHints":{"allow":["GET"]}}],"collection":[{"href":"https:\/\/ziher-hise.si\/hr\/wp-json\/wp\/v2\/pages"}],"about":[{"href":"https:\/\/ziher-hise.si\/hr\/wp-json\/wp\/v2\/types\/page"}],"author":[{"embeddable":true,"href":"https:\/\/ziher-hise.si\/hr\/wp-json\/wp\/v2\/users\/1"}],"replies":[{"embeddable":true,"href":"https:\/\/ziher-hise.si\/hr\/wp-json\/wp\/v2\/comments?post=1999"}],"version-history":[{"count":0,"href":"https:\/\/ziher-hise.si\/hr\/wp-json\/wp\/v2\/pages\/1999\/revisions"}],"wp:attachment":[{"href":"https:\/\/ziher-hise.si\/hr\/wp-json\/wp\/v2\/media?parent=1999"}],"curies":[{"name":"wp","href":"https:\/\/api.w.org\/{rel}","templated":true}]}}