{"id":1984,"date":"2025-08-26T09:16:43","date_gmt":"2025-08-26T08:16:43","guid":{"rendered":"https:\/\/ziher-hise.si\/opci-uvjeti\/"},"modified":"2025-12-02T13:20:08","modified_gmt":"2025-12-02T12:20:08","slug":"opci-uvjeti","status":"publish","type":"page","link":"https:\/\/ziher-hise.si\/hr\/opci-uvjeti\/","title":{"rendered":"Op\u0107i uvjeti"},"content":{"rendered":"[vc_row type=\u201din_container\u201d full_screen_row_position=\u201dmiddle\u201d column_margin=\u201ddefault\u201d column_direction=\u201ddefault\u201d column_direction_tablet=\u201ddefault\u201d column_direction_phone=\u201ddefault\u201d scene_position=\u201dcenter\u201d text_color=\u201ddark\u201d text_align=\u201dleft\u201d row_border_radius=\u201dnone\u201d row_border_radius_applies=\u201dbg\u201d overflow=\u201dvisible\u201d overlay_strength=\u201d0.3&#8243; gradient_direction=\u201dleft_to_right\u201d shape_divider_position=\u201dbottom\u201d bg_image_animation=\u201dnone\u201d][vc_column column_padding=\u201dno-extra-padding\u201d column_padding_tablet=\u201dinherit\u201d column_padding_phone=\u201dinherit\u201d column_padding_position=\u201dall\u201d column_element_direction_desktop=\u201ddefault\u201d column_element_spacing=\u201ddefault\u201d desktop_text_alignment=\u201ddefault\u201d tablet_text_alignment=\u201ddefault\u201d phone_text_alignment=\u201ddefault\u201d background_color_opacity=\u201d1&#8243; background_hover_color_opacity=\u201d1&#8243; column_backdrop_filter=\u201dnone\u201d column_shadow=\u201dnone\u201d column_border_radius=\u201dnone\u201d column_link_target=\u201d_self\u201d column_position=\u201ddefault\u201d gradient_direction=\u201dleft_to_right\u201d overlay_strength=\u201d0.3&#8243; width=\u201d1\/1&#8243; tablet_width_inherit=\u201ddefault\u201d animation_type=\u201ddefault\u201d bg_image_animation=\u201dnone\u201d border_type=\u201dsimple\u201d column_border_width=\u201dnone\u201d column_border_style=\u201dsolid\u201d][vc_column_text css=\u201d\u201d text_direction=\u201ddefault\u201d]\n<h2>OP\u0106I UVJETI<\/h2>\n<p>Sav sadr\u017eaj na stranici i podstranicama web mjesta ziher-hise.si za\u0161ti\u0107en je autorskim pravima. Web mjesto (uklju\u010duju\u0107i sve njegove podstranice) namijenjeno je isklju\u010divo za vlastitu upotrebu i op\u0107e informiranje. U slu\u010daju kori\u0161tenja web mjesta (pregledavanje, prikupljanje informacija, kori\u0161tenje aplikacije, itd.), smatra se da se sla\u017eete s op\u0107im uvjetima poslovanja navedenima na ovoj stranici. U slu\u010daju da se ne sla\u017eete s op\u0107im uvjetima, ne smijete koristiti web mjesto (pregledavanje, prikupljanje informacija, kupnja, itd.). Pridr\u017eavamo pravo izmjene op\u0107ih uvjeta u bilo kojem trenutku i bez prethodne obavijesti. Sve izmjene stupaju na snagu odmah nakon izmjene. Za\u0161tita podataka, kako je navedeno na ovom web mjestu, sastavni je dio op\u0107ih uvjeta.      <\/p>\n<p>&nbsp;<\/p>\n<h2>Autorska prava<\/h2>\n<p>Oblik web mjesta i sav njegov sadr\u017eaj, osim ako nije druga\u010dije navedeno, za\u0161ti\u0107eni su pravima autorske, industrijske i intelektualne svojine. Programski kod, informacije, tekstovi, slike ili drugi grafi\u010dki elementi koji se nalaze na ovoj web stranici mogu se koristiti isklju\u010divo za osobnu, nekomercijalnu upotrebu, \u0161to podrazumijeva pregledavanje, te se ne smiju, ni u cijelosti ni djelomi\u010dno, koristiti, reproducirati, mijenjati, prenositi, odobriti ili objaviti u cijelosti ili djelomi\u010dno, distribuirati, licencirati ili izdati u obliku publikacija u bilo koje svrhe bez prethodnog pisanog dopu\u0161tenja upravitelja i\/ili vlasnika web mjesta. <\/p>\n<p>&nbsp;<\/p>\n<h2>Definicija pojmova<\/h2>\n<p>Upravitelj web mjesta je poduze\u0107e ili pojedinac koji je ujedno i vlasnik web mjesta te samostalno ili u suradnji s vanjskim izvo\u0111a\u010dima brine o pravilnom funkcioniranju web mjesta.<\/p>\n<p>Administrator ili odr\u017eavatelj web mjesta je poduze\u0107e ili pojedinac kojeg je upravitelj web mjesta ovlastio za odr\u017eavanje, izmjene, dopune na web mjestu i koji ih provodi prema uputama upravitelja.<\/p>\n<p>Osobni podaci ozna\u010davaju bilo koju informaciju koja se odnosi na odre\u0111enog ili odredivog pojedinca (u daljnjem tekstu: pojedinac na kojeg se odnose osobni podaci). Odrediv pojedinac je onaj koga je mogu\u0107e izravno ili neizravno odrediti, osobito navo\u0111enjem identifikatora kao \u0161to su ime, adresa, podaci o lokaciji ili drugo. <\/p>\n<p>Obrada podataka ozna\u010dava svaku radnju ili niz radnji koje se izvode u vezi s osobnim podacima ili nizovima osobnih podataka, automatiziranim sredstvima ili bez njih, kao \u0161to su prikupljanje, bilje\u017eenje, ure\u0111ivanje, strukturiranje, pohranjivanje, prilagodba ili izmjena, pronala\u017eenje, uvid, uporaba, otkrivanje prijenosom, \u0161irenje ili drugo omogu\u0107avanje pristupa, prilagodba ili kombiniranje, ograni\u010davanje, brisanje ili uni\u0161tenje.<\/p>\n<p>Upravitelj osobnih podataka ozna\u010dava fizi\u010dku ili pravnu osobu, javno tijelo, agenciju ili drugo tijelo koje samo ili zajedno s drugima odre\u0111uje svrhe i sredstva obrade.<\/p>\n<p>Obra\u0111iva\u010d osobnih podataka ozna\u010dava fizi\u010dku ili pravnu osobu, javno tijelo, agenciju ili drugo tijelo koje obra\u0111uje osobne podatke u ime i prema uputama upravitelja.<\/p>\n<p>Korisnik osobnih podataka ozna\u010dava fizi\u010dku ili pravnu osobu, javno tijelo, agenciju ili drugo tijelo kojem su osobni podaci otkriveni, bez obzira na to je li tre\u0107a osoba ili ne.<\/p>\n<p>&nbsp;<\/p>\n<h2>Op\u0107e odredbe<\/h2>\n<p>Upravitelj web mjesta nastojat \u0107e osigurati a\u017eurnost i to\u010dnost podataka na web mjestu, ali ne preuzima nikakva jamstva o njihovoj to\u010dnosti i\/ili a\u017eurnosti. Upravitelj web mjesta tako\u0111er mo\u017ee osigurati fotografije proizvoda i usluga za koje vrijedi da su simboli\u010dne prirode i ne moraju nu\u017eno osiguravati svojstva proizvoda i\/ili usluga. Objavljeni sadr\u017eaji nemaju karakter slu\u017ebenog dokumenta, osim kada je to posebno navedeno. Upravitelj pridr\u017eava pravo da u bilo kojem trenutku i bez prethodne obavijesti iz tehni\u010dkih, pravnih, poslovnih ili drugih razloga promijeni sadr\u017eaj web mjesta. Upravitelj mo\u017ee mijenjati sve sadr\u017eaje bez obveze obavje\u0161tavanja korisnika i ne odgovara za posljedice uzrokovanih promjena.    <\/p>\n<p>Upravitelj web mjesta brine se da su sve usluge dostupne 24 sata dnevno, 7 dana u tjednu, ali ne jam\u010di da \u0107e elektroni\u010dke usluge raditi bez prekida, bez pote\u0161ko\u0107a, propusta ili pogre\u0161aka, niti jam\u010di za uspje\u0161nost kori\u0161tenja tih usluga. Isklju\u010dena je svaka kaznena i gra\u0111anska odgovornost za gubitak ili umanjenu dostupnost podataka ili bilo kakvu drugu slu\u010dajnu, posrednu, posebnu ili posljedi\u010dnu \u0161tetu koja bi proiza\u0161la iz kori\u0161tenja ili eventualne nemogu\u0107nosti kori\u0161tenja web mjesta, uklju\u010duju\u0107i i bez ograni\u010denja u pogledu izgubljenog prihoda ili o\u010dekivane dobiti, gubitka dobrog imena, poslova ili podataka, tehni\u010dkih pogre\u0161aka, pogre\u0161aka pri cijenama, rokovima isporuke, opisima proizvoda, opisima usluga ili pogre\u0161nog funkcioniranja web mjesta. <\/p>\n<p>U zakonom dopu\u0161tenom opsegu tako\u0111er je isklju\u010dena svaka odgovornost vlasnika, upravitelja ili bilo koje druge pravne ili fizi\u010dke osobe koja je sudjelovala u nastanku i izradi web mjesta ziher-hise.si, te bilo koje druge pravne ili fizi\u010dke osobe koja je na bilo koji na\u010din povezana s web mjestom ziher-hise.si.<\/p>\n<p>&nbsp;<\/p>\n<h2>Kola\u010di\u0107i<\/h2>\n<p>Web stranica sadr\u017ei tzv. kola\u010di\u0107e (Cookies) radi ostvarivanja svrhe nesmetanog funkcioniranja stranice. Upravitelj ne prikuplja nikakve osobne podatke o posjetiteljima web stranice, osim podataka navedenih u op\u0107im uvjetima.   <\/p>\n<p>Kola\u010di\u0107, poznat i kao HTTP-kola\u010di\u0107, dio je informacija koje web stranice pohranjuju na korisnikov web preglednik tijekom pregledavanja. Kada korisnik sljede\u0107i put posjeti stranicu, web preglednik proslje\u0111uje taj dio informacija natrag web stranici koja je tu informaciju pohranila. Koristi ih ve\u0107ina modernih web stranica.  <\/p>\n<p>Sami po sebi kola\u010di\u0107i nisu \u0161tetni, jer se koriste za razli\u010dite namjene i bez njih bi kori\u0161tenje web stranica bilo vrlo ograni\u010deno. Koriste se za prijavljivanje na razne web stranice s korisni\u010dkim imenom i lozinkom, pohranjivanje ko\u0161arice u web trgovinama, vo\u0111enje statistike posjeta web stranicama, itd. <\/p>\n<p>Kola\u010di\u0107i tako\u0111er imaju svoj \u017eivotni vijek, koji se razlikuje ovisno o zadacima kola\u010di\u0107a. Kola\u010di\u0107 se mo\u017ee pohraniti na nekoliko minuta, sati ili \u010dak na neograni\u010deno vrijeme. <\/p>\n<p>Vi odlu\u010dujete ho\u0107ete li dopustiti pohranjivanje kola\u010di\u0107a na va\u0161em ure\u0111aju. Postavke za kola\u010di\u0107e mo\u017eete nadzirati i mijenjati u va\u0161em web pregledniku. <\/p>\n<p>Za informacije o postavkama za kola\u010di\u0107e odaberite web preglednik koji koristite.<\/p>\n<ul>\n<li><a href=\"https:\/\/support.google.com\/chrome\/answer\/95647?hl=sl-sl&amp;p=cpn_cookies\" target=\"_blank\" rel=\"noopener\">Chrome<\/a><\/li>\n<li><a href=\"http:\/\/support.mozilla.org\/sl\/kb\/Kako%20aktivirate%20in%20deaktivirate%20pi%C5%A1kote\" target=\"_blank\" rel=\"noopener\">Firefox<\/a><\/li>\n<li><a href=\"http:\/\/windows.microsoft.com\/sl-si\/windows7\/how-to-manage-cookies-in-internet-explorer-9\" target=\"_blank\" rel=\"noopener\">Internet Explorer 9<\/a><\/li>\n<li><a href=\"http:\/\/windows.microsoft.com\/sl-si\/windows-vista\/block-or-allow-cookies\" target=\"_blank\" rel=\"noopener\">Internet Explorer 7 ili 8<\/a><\/li>\n<li><a href=\"http:\/\/www.opera.com\/help\/tutorials\/security\/cookies\/\" target=\"_blank\" rel=\"noopener\">Opera (stranica na engleskom jeziku)<\/a><\/li>\n<li><a href=\"https:\/\/support.apple.com\/kb\/ph21411\" target=\"_blank\" rel=\"noopener\">Safari (stranica na engleskom jeziku)<\/a><\/li>\n<\/ul>\n<p>Ako isklju\u010dite kola\u010di\u0107e, neke mogu\u0107nosti web stranice mogu biti onemogu\u0107ene. Kori\u0161tenjem web stranice tako\u0111er se sla\u017eete s kori\u0161tenjem kola\u010di\u0107a, osim ako ih ne onemogu\u0107ite. [\/vc_column_text][\/vc_column][\/vc_row][vc_row type=\u201din_container\u201d full_screen_row_position=\u201dmiddle\u201d column_margin=\u201ddefault\u201d column_direction=\u201ddefault\u201d column_direction_tablet=\u201ddefault\u201d column_direction_phone=\u201ddefault\u201d scene_position=\u201dcenter\u201d text_color=\u201ddark\u201d text_align=\u201dleft\u201d row_border_radius=\u201dnone\u201d row_border_radius_applies=\u201dbg\u201d overflow=\u201dvisible\u201d overlay_strength=\u201d0.3&#8243; gradient_direction=\u201dleft_to_right\u201d shape_divider_position=\u201dbottom\u201d bg_image_animation=\u201dnone\u201d][vc_column column_padding=\u201dno-extra-padding\u201d column_padding_tablet=\u201dinherit\u201d column_padding_phone=\u201dinherit\u201d column_padding_position=\u201dall\u201d column_element_direction_desktop=\u201ddefault\u201d column_element_spacing=\u201ddefault\u201d desktop_text_alignment=\u201ddefault\u201d tablet_text_alignment=\u201ddefault\u201d phone_text_alignment=\u201ddefault\u201d background_color_opacity=\u201d1&#8243; background_hover_color_opacity=\u201d1&#8243; column_backdrop_filter=\u201dnone\u201d column_shadow=\u201dnone\u201d column_border_radius=\u201dnone\u201d column_link_target=\u201d_self\u201d column_position=\u201ddefault\u201d gradient_direction=\u201dleft_to_right\u201d overlay_strength=\u201d0.3&#8243; width=\u201d1\/1&#8243; tablet_width_inherit=\u201ddefault\u201d animation_type=\u201ddefault\u201d bg_image_animation=\u201dnone\u201d border_type=\u201dsimple\u201d column_border_width=\u201dnone\u201d column_border_style=\u201dsolid\u201d][vc_column_text css=\u201d\u201d el_id=\u201dosebnipodatki\u201d text_direction=\u201ddefault\u201d]\n<h2>Za\u0161tita osobnih podataka<\/h2>\n<p>Upravitelj web mjesta ziher-hise.si u svom poslovanju zala\u017ee se za korektnu i sigurnu upotrebu osobnih podataka. Osobni podaci koje korisnik posreduje putem obrazaca na web mjestu ziher-hise.si ili na neki drugi na\u010din (telefonom, putem e-po\u0161te, i sl.) strogo su povjerljivi i tretiraju se kao povjerljive informacije, stoga bez pravne osnove ne\u0107e biti proslije\u0111eni neovla\u0161tenim tre\u0107im osobama. <\/p>\n<p>Osobni podaci ne tretiraju se kao osjetljivi podaci.<\/p>\n<p>&nbsp;<\/p>\n<h2>Suglasnost za obradu i za\u0161titu osobnih podataka<\/h2>\n<p>Korisnik web mjesta ziher-hise.si izri\u010dito se sla\u017ee da se za potrebe kori\u0161tenja web mjesta i osiguravanja elektroni\u010dkih usluga, s tim povezanog upravljanja sustavom te obavje\u0161tavanja korisnika, prikupljaju i obra\u0111uju osobni podaci korisnika. Prikupljaju se samo podaci potrebni za pravilnu provedbu usluga i komunikaciju izme\u0111u upravitelja i\/ili vlasnika te korisnika web mjesta. Pridr\u017eavamo pravo tako prikupljene podatke i, u skladu s op\u0107im uvjetima objavljenima na ovom web mjestu, i sve ostale podatke koristiti neprekidno i bez ograni\u010denja za potrebe upravitelja, vlasnika ili ponuditelja, kako je navedeno u op\u0107im uvjetima, sve dok se korisnik web mjesta tome izri\u010dito ne protivi.  <\/p>\n<p>Osobni podaci prikupljeni na web stranici prikupljeni su na na\u010din sukladan uredbi Europskog parlamenta GDPR, pri \u010demu vrijedi da se potvrdom op\u0107ih uvjeta korisnik sla\u017ee i daje izri\u010dito dopu\u0161tenje za kori\u0161tenje posredovanih osobnih podataka za potrebe daljnje komunikacije izme\u0111u upravitelja i korisnika. Smatra se da je korisnik upoznat sa svrhom obrade osobnih podataka, dostupno\u0161\u0107u osobnih podataka i mogu\u0107no\u0161\u0107u brisanja. <\/p>\n<p>Posebno se korisnik sla\u017ee s obradom osobnih podataka za potrebe izvr\u0161avanja ugovora i mjera prije sklapanja ugovora, bez ograni\u010denja.<\/p>\n<p>Za potrebe sigurnosti odabiru se i IP-adrese korisnika koji pristupaju i koriste web mjesto ziher-hise.si.<\/p>\n<p>Interni akt o za\u0161titi podataka, ako postoji, sastavni je dio op\u0107ih uvjeta i dostupan je u sjedi\u0161tu upravitelja.<\/p>\n<p>&nbsp;<\/p>\n<h2>Osobna privola korisnika<\/h2>\n<p>Upravitelj osigurava mogu\u0107nost osobne privole korisnika, gdje je to potrebno, bez unaprijed ispunjenog potvrdnog okvira (u slu\u010daju izravnog kontakta putem elektroni\u010dke po\u0161te, telefona, na temelju web mjesta). Osobna privola korisnika njegova je dobrovoljna izjava volje da se njegovi osobni podaci mogu obra\u0111ivati za odre\u0111enu svrhu, a dana je na temelju informacija koje mu pru\u017ea upravitelj ovim op\u0107im uvjetima. <\/p>\n<p>&nbsp;<\/p>\n<h2>Analiza i statistika<\/h2>\n<p>Osobni podaci prikupljeni na temelju posjeta web mjesta ne pohranjuju se ili se pohranjuju u anonimnom obliku i kao takvi nisu povezivi s korisnicima. Alat koji raspola\u017ee tim podacima je Google Analytics, sukladno tome vrijedi da je poduze\u0107e Google LLC u zakonski dopu\u0161tenom opsegu obra\u0111iva\u010d podataka. U slu\u010daju da se posjetitelj s tim ne sla\u017ee, u skladu s op\u0107im uvjetima zabranjena mu je uporaba web mjesta ziher-hise.si. Tako prikupljeni podaci nisu osjetljivi, a posjetitelj je na to upozoren prilikom posjeta stranici.   <\/p>\n<p>&nbsp;<\/p>\n<h2>Pohrana osobnih podataka<\/h2>\n<p>Podaci koje prikuplja upravitelj web mjesta pohranjuju se za potrebe upravitelja web mjesta u skladu s op\u0107im uvjetima. Osobni podaci pohranjuju se na web mjestu (kao upit) i, u slu\u010daju daljnje komunikacije s korisnikom, u drugim bazama poduze\u0107a (CRM, softver za robno poslovanje, Excel). <\/p>\n<p>Korisnik mo\u017ee zatra\u017eiti uvid u svoje osobne podatke ili podatke o obradi njegovih osobnih podataka od strane ovla\u0161tenih osoba pisanom zamolbom koju naslovi na elektroni\u010dku adresu upravitelja web mjesta ziher-hise.si.<\/p>\n<p>&nbsp;<\/p>\n<h2>Komuniciranje na daljinu<\/h2>\n<p>Upravitelj web mjesta ziher-hise.si stupit \u0107e u kontakt s korisnikom putem sredstava komuniciranja na daljinu (elektroni\u010dke vijesti, akcije, popusti i sl.) samo ako se korisnik tome izri\u010dito ne protivi. Pri tome \u0107e elektroni\u010dke komercijalne poruke kao takve biti jasno prepoznatljive, po\u0161iljatelj \u0107e biti jasno vidljiv, uvjeti za prihva\u0107anje posebnih ponuda bit \u0107e nedvosmisleno ozna\u010deni, a istovremeno \u0107e biti jasno predstavljen na\u010din odjave od primanja oglasnih poruka. <\/p>\n<p>&nbsp;<\/p>\n<h2>Izuzetno otkrivanje osobnih podataka<\/h2>\n<p>Podaci koje upravitelj web mjesta ziher-hise.si prikuplja i obra\u0111uje bit \u0107e otkriveni samo ako je tako propisano va\u017ee\u0107im zakonodavstvom, odnosno u slu\u010daju da je takvo postupanje potrebno za postupke pred sudovima ili drugim dr\u017eavnim tijelima. <\/p>\n<p>&nbsp;<\/p>\n<h2>Dostupnost osobnih podataka<\/h2>\n<p>Osobni podaci pohranjuju se na web mjestu ziher-hise.si u slu\u010daju predaje upita i dostupni su upravitelju web mjesta i administratoru. Smatra se da je upravitelj upravitelj osobnih podataka, a administrator web mjesta obra\u0111iva\u010d. Obra\u0111iva\u010d osobnih podataka ne smije i ne mo\u017ee koristiti za vlastite potrebe te ih mo\u017ee koristiti samo za potrebe upravitelja osobnih podataka, prema uputama upravitelja.  <\/p>\n<p>Pristup osobnim podacima tako\u0111er je omogu\u0107en pru\u017eateljima usluga hostinga, koji prema me\u0111usobnom ugovoru bez dopu\u0161tenja upravitelja ne smiju pristupiti osobnim podacima.<\/p>\n<p>Smatra se da pristup imaju i zaposlenici i ovla\u0161tene osobe upravitelja i obra\u0111iva\u010da u zakonski dopu\u0161tenom opsegu. Sve te osobe obvezuju se na pa\u017eljivo \u010duvanje osobnih podataka. <\/p>\n<p>&nbsp;<\/p>\n<h2>Za\u0161tita osobnih podataka<\/h2>\n<p>Osobni podaci su za\u0161ti\u0107eni i brinemo se da je neovla\u0161tenim osobama onemogu\u0107en pristup do njih. U slu\u010daju kr\u0161enja ovog \u010dlanka, obvezujemo se obavijestiti korisnika o mogu\u0107em neovla\u0161tenom pristupu njihovim osobnim podacima. <\/p>\n<p>&nbsp;<\/p>\n<h2>Odgovorna osoba za za\u0161titu podataka<\/h2>\n<p>Odgovorna osoba odre\u0111ena je u internom aktu o za\u0161titi podataka i otkriva se na zahtjev korisnika. Zbog za\u0161tite podataka nije javno objavljena na webu. <\/p>\n<p>&nbsp;<\/p>\n<h2>Prava pojedinaca<\/h2>\n<p>Pojedinac na kojeg se odnose osobni podaci ima pravo na uvid u osobne podatke koji se obra\u0111uju. Tako\u0111er ima pravo zatra\u017eiti ispravak ili dopunu svojih osobnih podataka, kao i brisanje svojih osobnih podataka, bez obrazlo\u017eenja i bez razloga, \u0161to \u010dini elektroni\u010dkom porukom naslovljenom na elektroni\u010dku adresu info@ziher-hise.si. <\/p>\n<p>&nbsp;<\/p>\n<h2>Zavr\u0161ne odredbe<\/h2>\n<p>Web mjesto i sve podstranice u vlasni\u0161tvu su i pod upravljanjem poduze\u0107a \u017diher hi\u0161e, d.o.o., Mo\u0161kanjci 1\/g, 2272 Gori\u0161nica, ID: SI 18516726, koje je ujedno i upravitelj osobnih podataka. Administrator web mjesta je poduze\u0107e Premium Marketing d.o.o., Zgornje \u0160kofije 126D, 6281 \u0160kofije, ID: SI 99245795, koje je ujedno i obra\u0111iva\u010d osobnih podataka. <\/p>\n<p>Korisnici osobnih podataka su, u skladu s op\u0107im uvjetima, i poduze\u0107a Hitrost.com d.o.o., Cesta \u017eelezarjev 8B, 4270 Jesenice, ID: SI 42864046, kao pru\u017eatelj usluga hostinga, i poduze\u0107e Google LLC, 1600 Amphiteatre Parkway, Mountain View, CA 94043, United States, kao pru\u017eatelj analiti\u010dkog alata i ujedno obra\u0111iva\u010d osobnih podataka u anonimnom obliku.<\/p>\n<p>Op\u0107i uvjeti stupaju na snagu s danom 1. 1. 2019. Sve izmjene i dopune stupaju na snagu danom objave na web mjestu.[\/vc_column_text][\/vc_column][\/vc_row]\n","protected":false},"excerpt":{"rendered":"<p>[vc_row type=\u201din_container\u201d full_screen_row_position=\u201dmiddle\u201d column_margin=\u201ddefault\u201d column_direction=\u201ddefault\u201d column_direction_tablet=\u201ddefault\u201d column_direction_phone=\u201ddefault\u201d scene_position=\u201dcenter\u201d text_color=\u201ddark\u201d text_align=\u201dleft\u201d row_border_radius=\u201dnone\u201d row_border_radius_applies=\u201dbg\u201d overflow=\u201dvisible\u201d overlay_strength=\u201d0.3&#8243; gradient_direction=\u201dleft_to_right\u201d&#8230;<\/p>\n","protected":false},"author":1,"featured_media":0,"parent":0,"menu_order":0,"comment_status":"closed","ping_status":"closed","template":"","meta":{"inline_featured_image":false,"footnotes":""},"class_list":["post-1984","page","type-page","status-publish"],"_links":{"self":[{"href":"https:\/\/ziher-hise.si\/hr\/wp-json\/wp\/v2\/pages\/1984","targetHints":{"allow":["GET"]}}],"collection":[{"href":"https:\/\/ziher-hise.si\/hr\/wp-json\/wp\/v2\/pages"}],"about":[{"href":"https:\/\/ziher-hise.si\/hr\/wp-json\/wp\/v2\/types\/page"}],"author":[{"embeddable":true,"href":"https:\/\/ziher-hise.si\/hr\/wp-json\/wp\/v2\/users\/1"}],"replies":[{"embeddable":true,"href":"https:\/\/ziher-hise.si\/hr\/wp-json\/wp\/v2\/comments?post=1984"}],"version-history":[{"count":0,"href":"https:\/\/ziher-hise.si\/hr\/wp-json\/wp\/v2\/pages\/1984\/revisions"}],"wp:attachment":[{"href":"https:\/\/ziher-hise.si\/hr\/wp-json\/wp\/v2\/media?parent=1984"}],"curies":[{"name":"wp","href":"https:\/\/api.w.org\/{rel}","templated":true}]}}