{"id":1941,"date":"2025-09-07T12:37:15","date_gmt":"2025-09-07T11:37:15","guid":{"rendered":"https:\/\/ziher-hise.si\/o-poduzecu\/"},"modified":"2025-12-02T13:19:51","modified_gmt":"2025-12-02T12:19:51","slug":"o-poduzecu","status":"publish","type":"page","link":"https:\/\/ziher-hise.si\/hr\/o-poduzecu\/","title":{"rendered":"O poduze\u0107u"},"content":{"rendered":"[vc_row type=\u201dfull_width_background\u201d full_screen_row_position=\u201dmiddle\u201d column_margin=\u201d70px\u201d equal_height=\u201dyes\u201d content_placement=\u201dmiddle\u201d column_direction=\u201ddefault\u201d column_direction_tablet=\u201ddefault\u201d column_direction_phone=\u201ddefault\u201d scene_position=\u201dcenter\u201d top_padding=\u201d100px\u201d constrain_group_1=\u201dyes\u201d bottom_padding=\u201d100px\u201d top_padding_phone=\u201d50px\u201d constrain_group_5=\u201dyes\u201d bottom_padding_phone=\u201d50px\u201d text_color=\u201ddark\u201d text_align=\u201dleft\u201d row_border_radius=\u201dnone\u201d row_border_radius_applies=\u201dbg\u201d overflow=\u201dvisible\u201d class=\u201dmb0 opodjetju\u201d overlay_strength=\u201d0.3&#8243; gradient_direction=\u201dleft_to_right\u201d shape_divider_position=\u201dbottom\u201d bg_image_animation=\u201dnone\u201d gradient_type=\u201ddefault\u201d shape_type=\u201d\u201d][vc_column column_padding=\u201dno-extra-padding\u201d column_padding_tablet=\u201dinherit\u201d column_padding_phone=\u201dinherit\u201d column_padding_position=\u201dall\u201d column_element_direction_desktop=\u201ddefault\u201d column_element_spacing=\u201ddefault\u201d desktop_text_alignment=\u201ddefault\u201d tablet_text_alignment=\u201ddefault\u201d phone_text_alignment=\u201ddefault\u201d background_color_opacity=\u201d1&#8243; background_hover_color_opacity=\u201d1&#8243; background_image=\u201d1084&#8243; background_image_position=\u201dcenter center\u201d background_image_stacking=\u201ddefault\u201d enable_bg_scale=\u201dtrue\u201d background_image_loading=\u201ddefault\u201d column_backdrop_filter=\u201dnone\u201d column_shadow=\u201dnone\u201d column_border_radius=\u201dnone\u201d column_link_target=\u201d_self\u201d column_position=\u201ddefault\u201d el_class=\u201donas_bgfix\u201d gradient_direction=\u201dleft_to_right\u201d overlay_strength=\u201d0.3&#8243; width=\u201d1\/2&#8243; tablet_width_inherit=\u201ddefault\u201d animation_type=\u201ddefault\u201d bg_image_animation=\u201dnone\u201d border_type=\u201dsimple\u201d column_border_width=\u201dnone\u201d column_border_style=\u201dsolid\u201d column_padding_type=\u201ddefault\u201d gradient_type=\u201ddefault\u201d][image_with_animation image_url=\u201d1212&#8243; image_size=\u201dfull\u201d max_width=\u201dcustom\u201d animation_type=\u201dentrance\u201d animation=\u201dNone\u201d animation_movement_type=\u201dtransform_y\u201d hover_animation=\u201dnone\u201d alignment=\u201d\u201d border_radius=\u201dnone\u201d box_shadow=\u201dnone\u201d image_loading=\u201ddefault\u201d position_desktop=\u201drelative\u201d top_position_desktop=\u201d50px\u201d max_width_custom=\u201d265px\u201d][vc_row_inner column_margin=\u201dnone\u201d column_direction=\u201ddefault\u201d column_direction_tablet=\u201ddefault\u201d column_direction_phone=\u201ddefault\u201d text_align=\u201dleft\u201d row_position=\u201ddefault\u201d row_position_tablet=\u201dinherit\u201d row_position_phone=\u201dinherit\u201d overflow=\u201dvisible\u201d pointer_events=\u201dall\u201d class=\u201dmb0 mw267 let40&#8243;][vc_column_inner column_padding=\u201dno-extra-padding\u201d column_padding_tablet=\u201dinherit\u201d column_padding_phone=\u201dinherit\u201d column_padding_position=\u201dall\u201d column_element_direction_desktop=\u201ddefault\u201d column_element_spacing=\u201ddefault\u201d desktop_text_alignment=\u201ddefault\u201d tablet_text_alignment=\u201ddefault\u201d phone_text_alignment=\u201ddefault\u201d background_color_opacity=\u201d1&#8243; background_hover_color_opacity=\u201d1&#8243; column_backdrop_filter=\u201dnone\u201d column_shadow=\u201dnone\u201d column_border_radius=\u201dnone\u201d column_link_target=\u201d_self\u201d zindex=\u201d99&#8243; overflow=\u201dvisible\u201d gradient_direction=\u201dleft_to_right\u201d overlay_strength=\u201d0.3&#8243; width=\u201d1\/1&#8243; tablet_width_inherit=\u201ddefault\u201d animation_type=\u201ddefault\u201d bg_image_animation=\u201dnone\u201d border_type=\u201dsimple\u201d column_border_width=\u201dnone\u201d column_border_style=\u201dsolid\u201d column_padding_type=\u201ddefault\u201d gradient_type=\u201ddefault\u201d][milestone heading_inherit=\u201dh2&#8243; subject_padding=\u201d0&#8243; color=\u201dAccent-Color\u201d effect=\u201dcount\u201d milestone_alignment=\u201dleft\u201d number=\u201d40&#8243; subject=\u201dGodine iskustva\u201d][\/vc_column_inner][\/vc_row_inner][divider line_type=\u201dNo Line\u201d custom_height=\u201d270&#8243; custom_height_phone=\u201d80&#8243; custom_height_tablet=\u201d150&#8243;][\/vc_column][vc_column column_padding=\u201dno-extra-padding\u201d column_padding_tablet=\u201dinherit\u201d column_padding_phone=\u201dinherit\u201d column_padding_position=\u201dall\u201d column_element_direction_desktop=\u201ddefault\u201d column_element_spacing=\u201ddefault\u201d desktop_text_alignment=\u201ddefault\u201d tablet_text_alignment=\u201ddefault\u201d phone_text_alignment=\u201ddefault\u201d background_color_opacity=\u201d1&#8243; background_hover_color_opacity=\u201d1&#8243; column_backdrop_filter=\u201dnone\u201d column_shadow=\u201dnone\u201d column_border_radius=\u201dnone\u201d column_link_target=\u201d_self\u201d column_position=\u201ddefault\u201d gradient_direction=\u201dleft_to_right\u201d overlay_strength=\u201d0.3&#8243; width=\u201d1\/2&#8243; tablet_width_inherit=\u201ddefault\u201d animation_type=\u201ddefault\u201d bg_image_animation=\u201dnone\u201d border_type=\u201dsimple\u201d column_border_width=\u201dnone\u201d column_border_style=\u201dsolid\u201d][vc_column_text css=\u201d\u201d text_direction=\u201ddefault\u201d el_class=\u201dnadnaslov skrijmobile\u201d]O PODUZE\u0106U[\/vc_column_text][split_line_heading animation_type=\u201dline-reveal-by-space\u201d font_style=\u201dh2&#8243; text_color=\u201d#000000&#8243; line_reveal_by_space_text_effect=\u201dnone\u201d content_alignment=\u201dleft\u201d mobile_content_alignment=\u201dleft\u201d link_target=\u201d_self\u201d text_content=\u201dS vama ve\u0107 vi\u0161e od 40 godina\u201d text_direction=\u201ddefault\u201d]Izaberite ku\u0107u svojih snova[\/split_line_heading][vc_column_text css=\u201d\u201d max_width=\u201d540&#8243; text_direction=\u201ddefault\u201d el_class=\u201dblock\u201d]\u017diher d.o.o. je obiteljsko poduze\u0107e s vi\u0161e od \u010detiri desetlje\u0107a iskustva u podru\u010dju gradnje. Prepoznatljivi smo po visokoj kvaliteti izvedbe, pouzdanosti i jamstvu koje stoji iza svakog na\u0161eg projekta. Na\u0161a najve\u0107a vrijednost su stru\u010dno osposobljeni zaposlenici, koji s predano\u0161\u0107u, znanjem i osje\u0107ajem za stranke brinu da je svaki projekt izveden bez kompromisa. Uz neprestano pra\u0107enje tr\u017ei\u0161ta i razumijevanje potreba na\u0161ih naru\u010ditelja osiguravamo optimalan omjer izme\u0111u kvalitete i cijene \u2013 sve s mi\u0161lju na dugoro\u010dno zadovoljstvo.   <\/p>\n<p>Osim gradnje \u017diher ku\u0107a, nudimo i \u0161irok izbor gra\u0111evinskih usluga, s kojima osiguravamo cjelovito rje\u0161enje \u2013 <strong>od ideje do useljenja.<\/strong><\/p>\n<p>Povjerite nam gradnju svojeg doma \u2013 mi \u0107emo se pobrinuti da bude \u010dvrst, \u0161tedljiv i napravljen po va\u0161oj mjeri.[\/vc_column_text][\/vc_column][\/vc_row][vc_row type=\u201dfull_width_background\u201d full_screen_row_position=\u201dmiddle\u201d column_margin=\u201d70px\u201d equal_height=\u201dyes\u201d content_placement=\u201dmiddle\u201d column_direction=\u201ddefault\u201d column_direction_tablet=\u201ddefault\u201d column_direction_phone=\u201ddefault\u201d bg_image=\u201d245&#8243; bg_position=\u201dleft top\u201d background_image_loading=\u201ddefault\u201d bg_repeat=\u201dno-repeat\u201d scene_position=\u201dcenter\u201d top_padding=\u201d100px\u201d constrain_group_1=\u201dyes\u201d bottom_padding=\u201d100px\u201d left_padding_desktop=\u201d13%\u201d constrain_group_2=\u201dyes\u201d right_padding_desktop=\u201d13%\u201d left_padding_tablet=\u201d6%\u201d constrain_group_4=\u201dyes\u201d right_padding_tablet=\u201d6%\u201d top_padding_phone=\u201d50px\u201d constrain_group_5=\u201dyes\u201d bottom_padding_phone=\u201d50px\u201d left_padding_phone=\u201d0%\u201d constrain_group_6=\u201dyes\u201d right_padding_phone=\u201d0%\u201d left_margin=\u201d0&#8243; text_color=\u201ddark\u201d text_align=\u201dcenter\u201d row_border_radius=\u201dnone\u201d row_border_radius_applies=\u201dbg\u201d overflow=\u201dvisible\u201d class=\u201dmb0 opodjetju\u201d color_overlay=\u201d#fffcfc\u201d overlay_strength=\u201d0.5&#8243; gradient_direction=\u201dleft_to_right\u201d shape_divider_position=\u201dbottom\u201d bg_image_animation=\u201dnone\u201d gradient_type=\u201ddefault\u201d shape_type=\u201d\u201d][vc_column column_padding=\u201dno-extra-padding\u201d column_padding_tablet=\u201dinherit\u201d column_padding_phone=\u201dinherit\u201d column_padding_position=\u201dall\u201d column_element_direction_desktop=\u201ddefault\u201d column_element_spacing=\u201ddefault\u201d centered_text=\u201dtrue\u201d desktop_text_alignment=\u201dcenter\u201d tablet_text_alignment=\u201ddefault\u201d phone_text_alignment=\u201ddefault\u201d background_color_opacity=\u201d1&#8243; background_hover_color_opacity=\u201d1&#8243; column_backdrop_filter=\u201dnone\u201d column_shadow=\u201dnone\u201d column_border_radius=\u201dnone\u201d column_link_target=\u201d_self\u201d column_position=\u201ddefault\u201d gradient_direction=\u201dleft_to_right\u201d overlay_strength=\u201d0.3&#8243; width=\u201d1\/1&#8243; tablet_width_inherit=\u201ddefault\u201d animation_type=\u201ddefault\u201d bg_image_animation=\u201dnone\u201d border_type=\u201dsimple\u201d column_border_width=\u201dnone\u201d column_border_style=\u201dsolid\u201d column_padding_type=\u201ddefault\u201d gradient_type=\u201ddefault\u201d][split_line_heading animation_type=\u201dline-reveal-by-space\u201d font_style=\u201dh3&#8243; text_color=\u201d#000000&#8243; line_reveal_by_space_text_effect=\u201dnone\u201d content_alignment=\u201ddefault\u201d mobile_content_alignment=\u201dinherit\u201d link_target=\u201d_self\u201d text_content=\u201dZnamo poslu\u0161ati Va\u0161e \u017eelje\u201d text_direction=\u201ddefault\u201d]Izaberite ku\u0107u svojih snova[\/split_line_heading][nectar_single_testimonial testimonial_style=\u201dsmall_modern\u201d image=\u201d534&#8243; add_image_shadow=\u201dtrue\u201d color=\u201dDefault\u201d quote=\u201dVe\u0107 vi\u0161e od 40 godina rastemo zajedno s na\u0161im kupcima. Iz skromnih po\u010detaka izrasli smo u poduze\u0107e koje se temelji na znanju, povjerenju i predanosti izvrsnosti. Na\u0161 cilj je jednostavan \u2013 poslu\u0161ati va\u0161e \u017eelje i zajedno stvoriti dom koji odra\u017eava va\u0161u pri\u010du.  \u201d name=\u201dMarko \u017diher\u201d subtitle=\u201dDirektor dru\u017ebe\u201d][\/vc_column][\/vc_row][vc_row type=\u201dfull_width_background\u201d full_screen_row_position=\u201dmiddle\u201d column_margin=\u201ddefault\u201d equal_height=\u201dyes\u201d content_placement=\u201dtop\u201d column_direction=\u201ddefault\u201d column_direction_tablet=\u201ddefault\u201d column_direction_phone=\u201ddefault\u201d scene_position=\u201dcenter\u201d top_padding=\u201d100px\u201d bottom_padding=\u201d109px\u201d top_padding_phone=\u201d50px\u201d constrain_group_5=\u201dyes\u201d bottom_padding_phone=\u201d50px\u201d text_color=\u201ddark\u201d text_align=\u201dleft\u201d row_border_radius=\u201dnone\u201d row_border_radius_applies=\u201dbg\u201d overflow=\u201dvisible\u201d class=\u201dmb0&#8243; color_overlay=\u201d#fffcfc\u201d overlay_strength=\u201d0.5&#8243; gradient_direction=\u201dleft_to_right\u201d shape_divider_position=\u201dbottom\u201d bg_image_animation=\u201dnone\u201d gradient_type=\u201ddefault\u201d shape_type=\u201d\u201d][vc_column column_padding=\u201dno-extra-padding\u201d column_padding_tablet=\u201dinherit\u201d column_padding_phone=\u201dinherit\u201d column_padding_position=\u201dall\u201d column_element_direction_desktop=\u201ddefault\u201d column_element_spacing=\u201ddefault\u201d desktop_text_alignment=\u201ddefault\u201d tablet_text_alignment=\u201ddefault\u201d phone_text_alignment=\u201ddefault\u201d background_color_opacity=\u201d1&#8243; background_hover_color_opacity=\u201d1&#8243; column_backdrop_filter=\u201dnone\u201d column_shadow=\u201dnone\u201d column_border_radius=\u201dnone\u201d column_link_target=\u201d_self\u201d column_position=\u201ddefault\u201d gradient_direction=\u201dleft_to_right\u201d overlay_strength=\u201d0.3&#8243; width=\u201d1\/4&#8243; tablet_width_inherit=\u201ddefault\u201d animation_type=\u201ddefault\u201d bg_image_animation=\u201dnone\u201d border_type=\u201dsimple\u201d column_border_width=\u201dnone\u201d column_border_style=\u201dsolid\u201d][split_line_heading animation_type=\u201dline-reveal-by-space\u201d font_style=\u201dh2&#8243; text_color=\u201d#000000&#8243; line_reveal_by_space_text_effect=\u201dnone\u201d content_alignment=\u201dleft\u201d mobile_content_alignment=\u201dleft\u201d link_target=\u201d_self\u201d text_content=\u201dUpoznajte nas\u201d text_direction=\u201ddefault\u201d][\/split_line_heading][\/vc_column][vc_column column_padding=\u201dno-extra-padding\u201d column_padding_tablet=\u201dinherit\u201d column_padding_phone=\u201dinherit\u201d column_padding_position=\u201dall\u201d column_element_direction_desktop=\u201ddefault\u201d column_element_spacing=\u201ddefault\u201d desktop_text_alignment=\u201ddefault\u201d tablet_text_alignment=\u201ddefault\u201d phone_text_alignment=\u201ddefault\u201d background_color_opacity=\u201d1&#8243; background_hover_color_opacity=\u201d1&#8243; column_backdrop_filter=\u201dnone\u201d column_shadow=\u201dnone\u201d column_border_radius=\u201dnone\u201d column_link_target=\u201d_self\u201d column_position=\u201ddefault\u201d el_class=\u201dekipa5&#8243; gradient_direction=\u201dleft_to_right\u201d overlay_strength=\u201d0.3&#8243; width=\u201d3\/4&#8243; tablet_width_inherit=\u201ddefault\u201d animation_type=\u201ddefault\u201d bg_image_animation=\u201dnone\u201d border_type=\u201dsimple\u201d column_border_width=\u201dnone\u201d column_border_style=\u201dsolid\u201d column_padding_type=\u201ddefault\u201d gradient_type=\u201ddefault\u201d][vc_row_inner equal_height=\u201dyes\u201d content_placement=\u201dtop\u201d column_margin=\u201ddefault\u201d column_direction=\u201ddefault\u201d column_direction_tablet=\u201ddefault\u201d column_direction_phone=\u201ddefault\u201d text_align=\u201dleft\u201d row_position=\u201ddefault\u201d row_position_tablet=\u201dinherit\u201d row_position_phone=\u201dinherit\u201d overflow=\u201dvisible\u201d pointer_events=\u201dall\u201d class=\u201dtehnologija_block mb0 tehnologija_block2&#8243;][vc_column_inner column_padding=\u201dno-extra-padding\u201d column_padding_tablet=\u201dinherit\u201d column_padding_phone=\u201dinherit\u201d column_padding_position=\u201dall\u201d column_element_direction_desktop=\u201ddefault\u201d column_element_spacing=\u201ddefault\u201d desktop_text_alignment=\u201ddefault\u201d tablet_text_alignment=\u201ddefault\u201d phone_text_alignment=\u201ddefault\u201d background_color_opacity=\u201d1&#8243; background_hover_color_opacity=\u201d1&#8243; column_backdrop_filter=\u201dnone\u201d column_shadow=\u201dnone\u201d column_border_radius=\u201dnone\u201d column_link_target=\u201d_self\u201d overflow=\u201dvisible\u201d gradient_direction=\u201dleft_to_right\u201d overlay_strength=\u201d0.3&#8243; width=\u201d1\/3&#8243; tablet_width_inherit=\u201ddefault\u201d animation_type=\u201ddefault\u201d bg_image_animation=\u201dnone\u201d border_type=\u201dsimple\u201d column_border_width=\u201dnone\u201d column_border_style=\u201dsolid\u201d][divider line_type=\u201dNo Line\u201d custom_height=\u201d60&#8243; custom_height_tablet=\u201d50&#8243; custom_height_phone=\u201d30&#8243;][team_member image_url=\u201d534&#8243; team_memeber_style=\u201dmeta_below\u201d link_element=\u201dnone\u201d color=\u201dAccent-Color\u201d name=\u201dMarko \u017diher\u201d job_position=\u201dDirektor dru\u0161tva\u201d href=\u201d&#8220;mailto:marko.ziher@ziher.si&#8220;\u201d]T: <a href=\"tel:+386%20(0)2%20743%2008%2040\">+386 (0)2 743 08 40<\/a><br \/>E: <a href=\"mailto:marko.ziher@ziher.si\" data-link=\"mailto:marko.ziher@ziher.si\">marko.ziher@ziher.si<\/a><\/p>\n<p><strong>Lorem Ipsum<\/strong> je jednostavno probni tekst tiskarske i slovoslagarske industrije. Lorem Ipsum je standardni probni tekst industrije jo\u0161 od 1500-ih godina, kada je nepoznati tiskar uzeo \u0161tampani slog i nasumi\u010dno ga promije\u0161ao kako bi napravio knjigu s primjercima teksta. Pre\u017eivio je ne samo pet stolje\u0107a, ve\u0107 i skok u elektroni\u010dko slaganje teksta, ostaju\u0107i u osnovi nepromijenjen. Postao je popularan 1960-ih s izdavanjem listova Letraset koji su sadr\u017eavali odlomke Lorem Ipsum, a nedavno i sa softverom za stolno izdava\u0161tvo kao \u0161to je Aldus PageMaker uklju\u010duju\u0107i verzije Lorem Ipsum[\/team_member][\/vc_column_inner][vc_column_inner column_padding=\u201dno-extra-padding\u201d column_padding_tablet=\u201dinherit\u201d column_padding_phone=\u201dinherit\u201d column_padding_position=\u201dall\u201d column_element_direction_desktop=\u201ddefault\u201d column_element_spacing=\u201ddefault\u201d desktop_text_alignment=\u201ddefault\u201d tablet_text_alignment=\u201ddefault\u201d phone_text_alignment=\u201ddefault\u201d background_color_opacity=\u201d1&#8243; background_hover_color_opacity=\u201d1&#8243; column_backdrop_filter=\u201dnone\u201d column_shadow=\u201dnone\u201d column_border_radius=\u201dnone\u201d column_link_target=\u201d_self\u201d overflow=\u201dvisible\u201d gradient_direction=\u201dleft_to_right\u201d overlay_strength=\u201d0.3&#8243; width=\u201d1\/3&#8243; tablet_width_inherit=\u201ddefault\u201d animation_type=\u201ddefault\u201d bg_image_animation=\u201dnone\u201d border_type=\u201dsimple\u201d column_border_width=\u201dnone\u201d column_border_style=\u201dsolid\u201d][divider line_type=\u201dNo Line\u201d custom_height=\u201d60&#8243; custom_height_tablet=\u201d50&#8243; custom_height_phone=\u201d30&#8243;][team_member image_url=\u201d1449&#8243; team_memeber_style=\u201dmeta_below\u201d link_element=\u201dnone\u201d color=\u201dAccent-Color\u201d name=\u201dMelita \u017diher\u201d job_position=\u201dDirektorica \u017diher hi\u0161\/Voditeljica FRS\u201d href=\u201d&#8220;mailto:marko.ziher@ziher.si&#8220;\u201d]T: <a href=\"tel:+386%20(0)2%20743%2008%2040\">+386 (0)2 743 08 40<\/a><br \/>E: <a href=\"mailto:marko.ziher@ziher.si\" data-link=\"mailto:marko.ziher@ziher.si\">marko.ziher@ziher.si<\/a><\/p>\n<p><strong>Lorem Ipsum<\/strong> je jednostavno probni tekst tiskarske i slovoslagarske industrije. Lorem Ipsum je standardni probni tekst industrije jo\u0161 od 1500-ih godina, kada je nepoznati tiskar uzeo \u0161tampani slog i nasumi\u010dno ga promije\u0161ao kako bi napravio knjigu s primjercima teksta. Pre\u017eivio je ne samo pet stolje\u0107a, ve\u0107 i skok u elektroni\u010dko slaganje teksta, ostaju\u0107i u osnovi nepromijenjen. Postao je popularan 1960-ih s izdavanjem listova Letraset koji su sadr\u017eavali odlomke Lorem Ipsum, a nedavno i sa softverom za stolno izdava\u0161tvo kao \u0161to je Aldus PageMaker uklju\u010duju\u0107i verzije Lorem Ipsum.[\/team_member][\/vc_column_inner][vc_column_inner column_padding=\u201dno-extra-padding\u201d column_padding_tablet=\u201dinherit\u201d column_padding_phone=\u201dinherit\u201d column_padding_position=\u201dall\u201d column_element_direction_desktop=\u201ddefault\u201d column_element_spacing=\u201ddefault\u201d desktop_text_alignment=\u201ddefault\u201d tablet_text_alignment=\u201ddefault\u201d phone_text_alignment=\u201ddefault\u201d background_color_opacity=\u201d1&#8243; background_hover_color_opacity=\u201d1&#8243; column_backdrop_filter=\u201dnone\u201d column_shadow=\u201dnone\u201d column_border_radius=\u201dnone\u201d column_link_target=\u201d_self\u201d overflow=\u201dvisible\u201d gradient_direction=\u201dleft_to_right\u201d overlay_strength=\u201d0.3&#8243; width=\u201d1\/3&#8243; tablet_width_inherit=\u201ddefault\u201d animation_type=\u201ddefault\u201d bg_image_animation=\u201dnone\u201d border_type=\u201dsimple\u201d column_border_width=\u201dnone\u201d column_border_style=\u201dsolid\u201d][divider line_type=\u201dNo Line\u201d custom_height=\u201d60&#8243; custom_height_tablet=\u201d50&#8243; custom_height_phone=\u201d30&#8243;][team_member image_url=\u201d1482&#8243; team_memeber_style=\u201dmeta_below\u201d link_element=\u201dnone\u201d color=\u201dAccent-Color\u201d name=\u201dTina Preac\u201d job_position=\u201dTehni\u010dka direktorica\u201d href=\u201d&#8220;mailto:marko.ziher@ziher.si&#8220;\u201d]T: <a href=\"tel:+386%20(0)2%20743%2008%2040\">+386 (0)2 743 08 40<\/a><br \/>E: <a href=\"mailto:marko.ziher@ziher.si\" data-link=\"mailto:marko.ziher@ziher.si\">marko.ziher@ziher.si<\/a><\/p>\n<p><strong>Lorem Ipsum<\/strong> je jednostavno probni tekst tiskarske i slovoslagarske industrije. Lorem Ipsum je standardni probni tekst industrije jo\u0161 od 1500-ih godina, kada je nepoznati tiskar uzeo \u0161tampani slog i nasumi\u010dno ga promije\u0161ao kako bi napravio knjigu s primjercima teksta. Pre\u017eivio je ne samo pet stolje\u0107a, ve\u0107 i skok u elektroni\u010dko slaganje teksta, ostaju\u0107i u osnovi nepromijenjen. Postao je popularan 1960-ih s izdavanjem listova Letraset koji su sadr\u017eavali odlomke Lorem Ipsum, a nedavno i sa softverom za stolno izdava\u0161tvo kao \u0161to je Aldus PageMaker uklju\u010duju\u0107i verzije Lorem Ipsum.[\/team_member][\/vc_column_inner][\/vc_row_inner][\/vc_column][\/vc_row][vc_row type=\u201din_container\u201d full_screen_row_position=\u201dmiddle\u201d column_margin=\u201ddefault\u201d column_direction=\u201ddefault\u201d column_direction_tablet=\u201ddefault\u201d column_direction_phone=\u201ddefault\u201d scene_position=\u201dcenter\u201d text_color=\u201ddark\u201d text_align=\u201dleft\u201d row_border_radius=\u201dnone\u201d row_border_radius_applies=\u201dbg\u201d overflow=\u201dvisible\u201d overlay_strength=\u201d0.3&#8243; gradient_direction=\u201dleft_to_right\u201d shape_divider_position=\u201dbottom\u201d bg_image_animation=\u201dnone\u201d][vc_column column_padding=\u201dno-extra-padding\u201d column_padding_tablet=\u201dinherit\u201d column_padding_phone=\u201dinherit\u201d column_padding_position=\u201dall\u201d column_element_direction_desktop=\u201ddefault\u201d column_element_spacing=\u201ddefault\u201d desktop_text_alignment=\u201ddefault\u201d tablet_text_alignment=\u201ddefault\u201d phone_text_alignment=\u201ddefault\u201d background_color_opacity=\u201d1&#8243; background_hover_color_opacity=\u201d1&#8243; column_backdrop_filter=\u201dnone\u201d column_shadow=\u201dnone\u201d column_border_radius=\u201dnone\u201d column_link_target=\u201d_self\u201d column_position=\u201ddefault\u201d gradient_direction=\u201dleft_to_right\u201d overlay_strength=\u201d0.3&#8243; width=\u201d1\/1&#8243; tablet_width_inherit=\u201ddefault\u201d animation_type=\u201ddefault\u201d bg_image_animation=\u201dnone\u201d border_type=\u201dsimple\u201d column_border_width=\u201dnone\u201d column_border_style=\u201dsolid\u201d][nectar_global_section id=\u201d395&#8243;][\/vc_column][\/vc_row]\n","protected":false},"excerpt":{"rendered":"<p>[vc_row type=\u201dfull_width_background\u201d full_screen_row_position=\u201dmiddle\u201d column_margin=\u201d70px\u201d equal_height=\u201dyes\u201d content_placement=\u201dmiddle\u201d column_direction=\u201ddefault\u201d column_direction_tablet=\u201ddefault\u201d column_direction_phone=\u201ddefault\u201d scene_position=\u201dcenter\u201d top_padding=\u201d100px\u201d constrain_group_1=\u201dyes\u201d bottom_padding=\u201d100px\u201d top_padding_phone=\u201d50px\u201d constrain_group_5=\u201dyes\u201d&#8230;<\/p>\n","protected":false},"author":1,"featured_media":0,"parent":0,"menu_order":0,"comment_status":"closed","ping_status":"closed","template":"","meta":{"inline_featured_image":false,"footnotes":""},"class_list":["post-1941","page","type-page","status-publish"],"_links":{"self":[{"href":"https:\/\/ziher-hise.si\/hr\/wp-json\/wp\/v2\/pages\/1941","targetHints":{"allow":["GET"]}}],"collection":[{"href":"https:\/\/ziher-hise.si\/hr\/wp-json\/wp\/v2\/pages"}],"about":[{"href":"https:\/\/ziher-hise.si\/hr\/wp-json\/wp\/v2\/types\/page"}],"author":[{"embeddable":true,"href":"https:\/\/ziher-hise.si\/hr\/wp-json\/wp\/v2\/users\/1"}],"replies":[{"embeddable":true,"href":"https:\/\/ziher-hise.si\/hr\/wp-json\/wp\/v2\/comments?post=1941"}],"version-history":[{"count":0,"href":"https:\/\/ziher-hise.si\/hr\/wp-json\/wp\/v2\/pages\/1941\/revisions"}],"wp:attachment":[{"href":"https:\/\/ziher-hise.si\/hr\/wp-json\/wp\/v2\/media?parent=1941"}],"curies":[{"name":"wp","href":"https:\/\/api.w.org\/{rel}","templated":true}]}}