{"id":1998,"date":"2025-09-07T13:40:43","date_gmt":"2025-09-07T12:40:43","guid":{"rendered":"https:\/\/ziher-hise.si\/kontakt\/"},"modified":"2025-12-02T13:22:57","modified_gmt":"2025-12-02T12:22:57","slug":"kontakt","status":"publish","type":"page","link":"https:\/\/ziher-hise.si\/de\/kontakt\/","title":{"rendered":"Kontakt"},"content":{"rendered":"[vc_row type=&#8220;full_width_background&#8220; full_screen_row_position=&#8220;middle&#8220; column_margin=&#8220;default&#8220; equal_height=&#8220;yes&#8220; content_placement=&#8220;top&#8220; column_direction=&#8220;default&#8220; column_direction_tablet=&#8220;default&#8220; column_direction_phone=&#8220;default&#8220; bg_image=&#8220;245&#8243; bg_position=&#8220;left top&#8220; background_image_loading=&#8220;default&#8220; bg_repeat=&#8220;no-repeat&#8220; scene_position=&#8220;center&#8220; top_padding=&#8220;100px&#8220; bottom_padding=&#8220;109px&#8220; top_padding_phone=&#8220;50px&#8220; constrain_group_5=&#8220;yes&#8220; bottom_padding_phone=&#8220;50px&#8220; text_color=&#8220;dark&#8220; text_align=&#8220;left&#8220; row_border_radius=&#8220;none&#8220; row_border_radius_applies=&#8220;bg&#8220; overflow=&#8220;visible&#8220; class=&#8220;mb0&#8243; color_overlay=&#8220;#fffcfc&#8220; overlay_strength=&#8220;0.5&#8243; gradient_direction=&#8220;left_to_right&#8220; shape_divider_position=&#8220;bottom&#8220; bg_image_animation=&#8220;none&#8220; gradient_type=&#8220;default&#8220; shape_type=&#8220;&#8220;][vc_column column_padding=&#8220;no-extra-padding&#8220; column_padding_tablet=&#8220;inherit&#8220; column_padding_phone=&#8220;inherit&#8220; column_padding_position=&#8220;all&#8220; column_element_direction_desktop=&#8220;default&#8220; column_element_spacing=&#8220;default&#8220; desktop_text_alignment=&#8220;default&#8220; tablet_text_alignment=&#8220;default&#8220; phone_text_alignment=&#8220;default&#8220; background_color_opacity=&#8220;1&#8243; background_hover_color_opacity=&#8220;1&#8243; column_backdrop_filter=&#8220;none&#8220; column_shadow=&#8220;none&#8220; column_border_radius=&#8220;none&#8220; column_link_target=&#8220;_self&#8220; column_position=&#8220;default&#8220; gradient_direction=&#8220;left_to_right&#8220; overlay_strength=&#8220;0.3&#8243; width=&#8220;1\/4&#8243; tablet_width_inherit=&#8220;default&#8220; animation_type=&#8220;default&#8220; bg_image_animation=&#8220;none&#8220; border_type=&#8220;simple&#8220; column_border_width=&#8220;none&#8220; column_border_style=&#8220;solid&#8220;][split_line_heading animation_type=&#8220;line-reveal-by-space&#8220; font_style=&#8220;h2&#8243; text_color=&#8220;#000000&#8243; line_reveal_by_space_text_effect=&#8220;none&#8220; content_alignment=&#8220;left&#8220; mobile_content_alignment=&#8220;left&#8220; link_target=&#8220;_self&#8220; text_content=&#8220;Lernen Sie unser Team von Beratern kennen&#8220; text_direction=&#8220;default&#8220;][\/split_line_heading][vc_column_text css=&#8220;&#8220; text_direction=&#8220;default&#8220;]\n<p data-start=\"58\" data-end=\"306\">Wir bei <strong data-start=\"62\" data-end=\"77\">\u017diher hi\u0161e<\/strong> glauben, dass jedes Haus Ihre Geschichte ist.<\/p>\n<p data-start=\"58\" data-end=\"306\">Unser Expertenteam mit \u00fcber 40 Jahren Erfahrung hilft Ihnen, ein hochwertiges, energieeffizientes und nachhaltiges Zuhause zu schaffen, das perfekt auf Ihre W\u00fcnsche und Ihren Lebensstil zugeschnitten ist.<\/p>\n<p data-start=\"308\" data-end=\"375\">Lernen Sie uns kennen und lassen Sie uns gemeinsam die Geschichte Ihres neuen Zuhauses schreiben.<\/p>\n[\/vc_column_text][\/vc_column][vc_column column_padding=&#8220;no-extra-padding&#8220; column_padding_tablet=&#8220;inherit&#8220; column_padding_phone=&#8220;inherit&#8220; column_padding_position=&#8220;all&#8220; column_element_direction_desktop=&#8220;default&#8220; column_element_spacing=&#8220;default&#8220; desktop_text_alignment=&#8220;default&#8220; tablet_text_alignment=&#8220;default&#8220; phone_text_alignment=&#8220;default&#8220; background_color_opacity=&#8220;1&#8243; background_hover_color_opacity=&#8220;1&#8243; column_backdrop_filter=&#8220;none&#8220; column_shadow=&#8220;none&#8220; column_border_radius=&#8220;none&#8220; column_link_target=&#8220;_self&#8220; column_position=&#8220;default&#8220; el_class=&#8220;ekipa5&#8243; gradient_direction=&#8220;left_to_right&#8220; overlay_strength=&#8220;0.3&#8243; width=&#8220;3\/4&#8243; tablet_width_inherit=&#8220;default&#8220; animation_type=&#8220;default&#8220; bg_image_animation=&#8220;none&#8220; border_type=&#8220;simple&#8220; column_border_width=&#8220;none&#8220; column_border_style=&#8220;solid&#8220; column_padding_type=&#8220;default&#8220; gradient_type=&#8220;default&#8220;][vc_row_inner equal_height=&#8220;yes&#8220; content_placement=&#8220;top&#8220; column_margin=&#8220;default&#8220; column_direction=&#8220;default&#8220; column_direction_tablet=&#8220;default&#8220; column_direction_phone=&#8220;default&#8220; text_align=&#8220;left&#8220; row_position=&#8220;default&#8220; row_position_tablet=&#8220;inherit&#8220; row_position_phone=&#8220;inherit&#8220; overflow=&#8220;visible&#8220; pointer_events=&#8220;all&#8220; class=&#8220;tehnologija_block mb0 tehnologija_block2&#8243;][vc_column_inner column_padding=&#8220;no-extra-padding&#8220; column_padding_tablet=&#8220;inherit&#8220; column_padding_phone=&#8220;inherit&#8220; column_padding_position=&#8220;all&#8220; column_element_direction_desktop=&#8220;default&#8220; column_element_spacing=&#8220;default&#8220; desktop_text_alignment=&#8220;center&#8220; tablet_text_alignment=&#8220;default&#8220; phone_text_alignment=&#8220;default&#8220; background_color_opacity=&#8220;1&#8243; background_hover_color_opacity=&#8220;1&#8243; column_backdrop_filter=&#8220;none&#8220; column_shadow=&#8220;none&#8220; column_border_radius=&#8220;none&#8220; column_link_target=&#8220;_self&#8220; overflow=&#8220;visible&#8220; gradient_direction=&#8220;left_to_right&#8220; overlay_strength=&#8220;0.3&#8243; width=&#8220;1\/3&#8243; tablet_width_inherit=&#8220;default&#8220; animation_type=&#8220;default&#8220; bg_image_animation=&#8220;none&#8220; border_type=&#8220;simple&#8220; column_border_width=&#8220;none&#8220; column_border_style=&#8220;solid&#8220; column_padding_type=&#8220;default&#8220; gradient_type=&#8220;default&#8220;][divider line_type=&#8220;No Line&#8220; custom_height=&#8220;60&#8243; custom_height_tablet=&#8220;50&#8243; custom_height_phone=&#8220;30&#8243;][team_member image_url=&#8220;655&#8243; team_memeber_style=&#8220;meta_below&#8220; link_element=&#8220;none&#8220; color=&#8220;Accent-Color&#8220; name=&#8220;Barbara Flaj\u0161man&#8220; job_position=&#8220;Verkaufsberaterin f\u00fcr den \u00f6stlichen Teil Sloweniens&#8220; href=&#8220;&#8222;mailto:marko.ziher@ziher.si&#8222;&#8220; social=&#8220;+386 (0)41 417 069,tel:+38641417069, E-mail,mailto:barbara.flajsman@ziher.si&#8220;]T: <a href=\"tel:+386%20(0)2%20743%2008%2040\">+386 (0)2 743 08 40<\/a><br \/>E: <a href=\"mailto:marko.ziher@ziher.si\" data-link=\"mailto:marko.ziher@ziher.si\">marko.ziher@ziher.si<\/a><\/p>\n<p><strong>Lorem Ipsum<\/strong> ist einfach ein Blindtext der Druck- und Satzindustrie. Lorem Ipsum ist seit den 1500er Jahren der Standard-Blindtext der Branche, als ein unbekannter Drucker eine Druckplatte mit Schrift nahm und sie durcheinanderbrachte, um ein Schriftmusterbuch zu erstellen. Es hat nicht nur f\u00fcnf Jahrhunderte \u00fcberlebt, sondern auch den Sprung in den elektronischen Satz, wobei es im Wesentlichen unver\u00e4ndert blieb. Es wurde in den 1960er Jahren mit der Ver\u00f6ffentlichung von Letraset-Bl\u00e4ttern, die Lorem-Ipsum-Passagen enthielten, und in j\u00fcngerer Zeit mit Desktop-Publishing-Software wie Aldus PageMaker, einschlie\u00dflich Versionen von Lorem Ipsum.[\/team_member][\/vc_column_inner][vc_column_inner column_padding=&#8220;no-extra-padding&#8220; column_padding_tablet=&#8220;inherit&#8220; column_padding_phone=&#8220;inherit&#8220; column_padding_position=&#8220;all&#8220; column_element_direction_desktop=&#8220;default&#8220; column_element_spacing=&#8220;default&#8220; desktop_text_alignment=&#8220;default&#8220; tablet_text_alignment=&#8220;default&#8220; phone_text_alignment=&#8220;default&#8220; background_color_opacity=&#8220;1&#8243; background_hover_color_opacity=&#8220;1&#8243; column_backdrop_filter=&#8220;none&#8220; column_shadow=&#8220;none&#8220; column_border_radius=&#8220;none&#8220; column_link_target=&#8220;_self&#8220; overflow=&#8220;visible&#8220; gradient_direction=&#8220;left_to_right&#8220; overlay_strength=&#8220;0.3&#8243; width=&#8220;1\/3&#8243; tablet_width_inherit=&#8220;default&#8220; animation_type=&#8220;default&#8220; bg_image_animation=&#8220;none&#8220; border_type=&#8220;simple&#8220; column_border_width=&#8220;none&#8220; column_border_style=&#8220;solid&#8220;][divider line_type=&#8220;No Line&#8220; custom_height=&#8220;60&#8243; custom_height_tablet=&#8220;50&#8243; custom_height_phone=&#8220;30&#8243;][team_member image_url=&#8220;656&#8243; team_memeber_style=&#8220;meta_below&#8220; link_element=&#8220;none&#8220; color=&#8220;Accent-Color&#8220; name=&#8220;Denis Bamburac&#8220; job_position=&#8220;Verkaufsberater f\u00fcr den westlichen Teil Sloweniens&#8220; href=&#8220;&#8222;mailto:marko.ziher@ziher.si&#8222;&#8220; social=&#8220;+386 (0)51 610 610, tel:+38651610610, E-mail,mailto:denis.bamburac@ziher.si&#8220;]T: <a href=\"tel:+386%20(0)2%20743%2008%2040\">+386 (0)2 743 08 40<\/a><br \/>E: <a href=\"mailto:marko.ziher@ziher.si\" data-link=\"mailto:marko.ziher@ziher.si\">marko.ziher@ziher.si<\/a><\/p>\n<p><strong>Lorem Ipsum<\/strong> ist einfach ein Blindtext der Druck- und Satzindustrie. Lorem Ipsum ist seit den 1500er Jahren der Standard-Blindtext der Branche, als ein unbekannter Drucker eine Druckplatte mit Schrift nahm und sie durcheinanderbrachte, um ein Schriftmusterbuch zu erstellen. Es hat nicht nur f\u00fcnf Jahrhunderte \u00fcberlebt, sondern auch den Sprung in den elektronischen Satz, wobei es im Wesentlichen unver\u00e4ndert blieb. Es wurde in den 1960er Jahren mit der Ver\u00f6ffentlichung von Letraset-Bl\u00e4ttern, die Lorem-Ipsum-Passagen enthielten, und in j\u00fcngerer Zeit mit Desktop-Publishing-Software wie Aldus PageMaker, einschlie\u00dflich Versionen von Lorem Ipsum.[\/team_member][\/vc_column_inner][vc_column_inner column_padding=&#8220;no-extra-padding&#8220; column_padding_tablet=&#8220;inherit&#8220; column_padding_phone=&#8220;inherit&#8220; column_padding_position=&#8220;all&#8220; column_element_direction_desktop=&#8220;default&#8220; column_element_spacing=&#8220;default&#8220; desktop_text_alignment=&#8220;default&#8220; tablet_text_alignment=&#8220;default&#8220; phone_text_alignment=&#8220;default&#8220; background_color_opacity=&#8220;1&#8243; background_hover_color_opacity=&#8220;1&#8243; column_backdrop_filter=&#8220;none&#8220; column_shadow=&#8220;none&#8220; column_border_radius=&#8220;none&#8220; column_link_target=&#8220;_self&#8220; overflow=&#8220;visible&#8220; gradient_direction=&#8220;left_to_right&#8220; overlay_strength=&#8220;0.3&#8243; width=&#8220;1\/3&#8243; tablet_width_inherit=&#8220;default&#8220; animation_type=&#8220;default&#8220; bg_image_animation=&#8220;none&#8220; border_type=&#8220;simple&#8220; column_border_width=&#8220;none&#8220; column_border_style=&#8220;solid&#8220;][divider line_type=&#8220;No Line&#8220; custom_height=&#8220;60&#8243; custom_height_tablet=&#8220;50&#8243; custom_height_phone=&#8220;30&#8243;][team_member image_url=&#8220;658&#8243; team_memeber_style=&#8220;meta_below&#8220; link_element=&#8220;none&#8220; color=&#8220;Accent-Color&#8220; name=&#8220;Danica Denac&#8220; job_position=&#8220;Verkaufsberater \/ Prodajni savjetnik f\u00fcr den kroatischen Markt&#8220; href=&#8220;&#8222;mailto:marko.ziher@ziher.si&#8222;&#8220; social=&#8220;+386 (0)51 408 777,tel:+386051408777, E-mail,mailto:danica.denac@ziher.si&#8220;]T: <a href=\"tel:+386%20(0)2%20743%2008%2040\">+386 (0)2 743 08 40<\/a><br \/>E: <a href=\"mailto:marko.ziher@ziher.si\" data-link=\"mailto:marko.ziher@ziher.si\">marko.ziher@ziher.si<\/a><\/p>\n<p><strong>Lorem Ipsum<\/strong> ist einfach ein Blindtext der Druck- und Satzindustrie. Lorem Ipsum ist seit den 1500er Jahren der Standard-Blindtext der Branche, als ein unbekannter Drucker eine Druckplatte mit Schrift nahm und sie durcheinanderbrachte, um ein Schriftmusterbuch zu erstellen. Es hat nicht nur f\u00fcnf Jahrhunderte \u00fcberlebt, sondern auch den Sprung in den elektronischen Satz, wobei es im Wesentlichen unver\u00e4ndert blieb. Es wurde in den 1960er Jahren mit der Ver\u00f6ffentlichung von Letraset-Bl\u00e4ttern, die Lorem-Ipsum-Passagen enthielten, und in j\u00fcngerer Zeit mit Desktop-Publishing-Software wie Aldus PageMaker, einschlie\u00dflich Versionen von Lorem Ipsum.[\/team_member][\/vc_column_inner][\/vc_row_inner][\/vc_column][\/vc_row][vc_row type=&#8220;full_width_background&#8220; full_screen_row_position=&#8220;middle&#8220; column_margin=&#8220;70px&#8220; equal_height=&#8220;yes&#8220; content_placement=&#8220;top&#8220; column_direction=&#8220;default&#8220; column_direction_tablet=&#8220;default&#8220; column_direction_phone=&#8220;default&#8220; scene_position=&#8220;center&#8220; top_padding=&#8220;100px&#8220; constrain_group_1=&#8220;yes&#8220; bottom_padding=&#8220;100px&#8220; top_padding_phone=&#8220;0px&#8220; bottom_padding_phone=&#8220;50px&#8220; text_color=&#8220;dark&#8220; text_align=&#8220;left&#8220; row_border_radius=&#8220;none&#8220; row_border_radius_applies=&#8220;bg&#8220; overflow=&#8220;visible&#8220; class=&#8220;mb0 opodjetju&#8220; id=&#8220;povprasevanje&#8220; overlay_strength=&#8220;0.3&#8243; gradient_direction=&#8220;left_to_right&#8220; shape_divider_position=&#8220;bottom&#8220; bg_image_animation=&#8220;none&#8220; gradient_type=&#8220;default&#8220; shape_type=&#8220;&#8220;][vc_column column_padding=&#8220;no-extra-padding&#8220; column_padding_tablet=&#8220;inherit&#8220; column_padding_phone=&#8220;inherit&#8220; column_padding_position=&#8220;all&#8220; column_element_direction_desktop=&#8220;default&#8220; column_element_spacing=&#8220;default&#8220; desktop_text_alignment=&#8220;default&#8220; tablet_text_alignment=&#8220;default&#8220; phone_text_alignment=&#8220;default&#8220; background_color_opacity=&#8220;1&#8243; background_hover_color_opacity=&#8220;1&#8243; background_image=&#8220;1332&#8243; background_image_position=&#8220;center center&#8220; background_image_stacking=&#8220;default&#8220; enable_bg_scale=&#8220;true&#8220; background_image_loading=&#8220;default&#8220; column_backdrop_filter=&#8220;none&#8220; column_shadow=&#8220;none&#8220; column_border_radius=&#8220;none&#8220; column_link_target=&#8220;_self&#8220; column_position=&#8220;default&#8220; gradient_direction=&#8220;left_to_right&#8220; overlay_strength=&#8220;0.3&#8243; width=&#8220;1\/2&#8243; tablet_width_inherit=&#8220;default&#8220; animation_type=&#8220;default&#8220; bg_image_animation=&#8220;none&#8220; border_type=&#8220;simple&#8220; column_border_width=&#8220;none&#8220; column_border_style=&#8220;solid&#8220; column_padding_type=&#8220;default&#8220; gradient_type=&#8220;default&#8220; offset=&#8220;vc_hidden-sm vc_hidden-xs&#8220;][\/vc_column][vc_column column_padding=&#8220;no-extra-padding&#8220; column_padding_tablet=&#8220;inherit&#8220; column_padding_phone=&#8220;inherit&#8220; column_padding_position=&#8220;all&#8220; column_element_direction_desktop=&#8220;default&#8220; column_element_spacing=&#8220;default&#8220; desktop_text_alignment=&#8220;default&#8220; tablet_text_alignment=&#8220;default&#8220; phone_text_alignment=&#8220;default&#8220; background_color_opacity=&#8220;1&#8243; background_hover_color_opacity=&#8220;1&#8243; column_backdrop_filter=&#8220;none&#8220; column_shadow=&#8220;none&#8220; column_border_radius=&#8220;none&#8220; column_link_target=&#8220;_self&#8220; column_position=&#8220;default&#8220; gradient_direction=&#8220;left_to_right&#8220; overlay_strength=&#8220;0.3&#8243; width=&#8220;1\/2&#8243; tablet_width_inherit=&#8220;default&#8220; animation_type=&#8220;default&#8220; bg_image_animation=&#8220;none&#8220; border_type=&#8220;simple&#8220; column_border_width=&#8220;none&#8220; column_border_style=&#8220;solid&#8220;][divider line_type=&#8220;No Line&#8220; custom_height=&#8220;0&#8243; custom_height_tablet=&#8220;50&#8243; custom_height_phone=&#8220;50&#8243;][vc_column_text css=&#8220;&#8220; text_direction=&#8220;default&#8220; el_class=&#8220;nadnaslov skrijmobile&#8220;]KONTAKT[\/vc_column_text][split_line_heading animation_type=&#8220;line-reveal-by-space&#8220; font_style=&#8220;h2&#8243; text_color=&#8220;#000000&#8243; line_reveal_by_space_text_effect=&#8220;none&#8220; content_alignment=&#8220;left&#8220; mobile_content_alignment=&#8220;left&#8220; link_target=&#8220;_self&#8220; text_content=&#8220;ANFRAGE SENDEN&#8220; text_direction=&#8220;default&#8220;]W\u00e4hlen Sie Ihr Traumhaus[\/split_line_heading][vc_raw_html css=&#8220;&#8220; el_class=&#8220;newsletter2 mb0&#8243;]W2NvbnRhY3QtZm9ybS03IGlkPSI1YzM0Mzg2IiB0aXRsZT0iQWxsZ2VtZWluZSBBbmZyYWdlIl0KCjxzY3JpcHQ+CmRvY3VtZW50LmFkZEV2ZW50TGlzdGVuZXIoJ0RPTUNvbnRlbnRMb2FkZWQnLCBmdW5jdGlvbiAoKSB7CiAgY29uc3QgcGFyYW1zID0gbmV3IFVSTFNlYXJjaFBhcmFtcyh3aW5kb3cubG9jYXRpb24uc2VhcmNoKTsKICBjb25zdCB2YWwgPSBwYXJhbXMuZ2V0KCdoaXNhJyk7CiAgaWYgKCF2YWwpIHJldHVybjsKCiAgLy8gU2VsZWN0IGJ5IENMQVNTIGluc3RlYWQgb2YgSUQKICBjb25zdCBzZWwgPSBkb2N1bWVudC5xdWVyeVNlbGVjdG9yKCcuaGlzYS1zZWxlY3QnKTsKICBpZiAoIXNlbCkgcmV0dXJuOwoKICBjb25zdCB0YXJnZXQgPSAodmFsICsgJycpLnRvTG93ZXJDYXNlKCk7CgogIGZvciAoY29uc3Qgb3B0IG9mIHNlbC5vcHRpb25zKSB7CiAgICBjb25zdCB0ZXh0ID0gKG9wdC52YWx1ZSB8fCBvcHQudGV4dCB8fCAnJykudG9Mb3dlckNhc2UoKTsKICAgIGlmICh0ZXh0ID09PSB0YXJnZXQpIHsKICAgICAgc2VsLnZhbHVlID0gb3B0LnZhbHVlIHx8IG9wdC50ZXh0OwogICAgICBicmVhazsKICAgIH0KICB9Cn0pOwo8L3NjcmlwdD4K[\/vc_raw_html][\/vc_column][\/vc_row][vc_row type=&#8220;in_container&#8220; full_screen_row_position=&#8220;middle&#8220; column_margin=&#8220;default&#8220; column_direction=&#8220;default&#8220; column_direction_tablet=&#8220;default&#8220; column_direction_phone=&#8220;default&#8220; scene_position=&#8220;center&#8220; text_color=&#8220;dark&#8220; text_align=&#8220;left&#8220; row_border_radius=&#8220;none&#8220; row_border_radius_applies=&#8220;bg&#8220; overflow=&#8220;visible&#8220; overlay_strength=&#8220;0.3&#8243; gradient_direction=&#8220;left_to_right&#8220; shape_divider_position=&#8220;bottom&#8220; bg_image_animation=&#8220;none&#8220;][vc_column column_padding=&#8220;no-extra-padding&#8220; column_padding_tablet=&#8220;inherit&#8220; column_padding_phone=&#8220;inherit&#8220; column_padding_position=&#8220;all&#8220; column_element_direction_desktop=&#8220;default&#8220; column_element_spacing=&#8220;default&#8220; desktop_text_alignment=&#8220;default&#8220; tablet_text_alignment=&#8220;default&#8220; phone_text_alignment=&#8220;default&#8220; background_color_opacity=&#8220;1&#8243; background_hover_color_opacity=&#8220;1&#8243; column_backdrop_filter=&#8220;none&#8220; column_shadow=&#8220;none&#8220; column_border_radius=&#8220;none&#8220; column_link_target=&#8220;_self&#8220; column_position=&#8220;default&#8220; gradient_direction=&#8220;left_to_right&#8220; overlay_strength=&#8220;0.3&#8243; width=&#8220;1\/1&#8243; tablet_width_inherit=&#8220;default&#8220; animation_type=&#8220;default&#8220; bg_image_animation=&#8220;none&#8220; border_type=&#8220;simple&#8220; column_border_width=&#8220;none&#8220; column_border_style=&#8220;solid&#8220;][nectar_global_section id=&#8220;377&#8243;][\/vc_column][\/vc_row][vc_row type=&#8220;full_width_content&#8220; full_screen_row_position=&#8220;middle&#8220; column_margin=&#8220;none&#8220; equal_height=&#8220;yes&#8220; content_placement=&#8220;middle&#8220; column_direction=&#8220;default&#8220; column_direction_tablet=&#8220;default&#8220; column_direction_phone=&#8220;default&#8220; scene_position=&#8220;center&#8220; constrain_group_1=&#8220;yes&#8220; constrain_group_7=&#8220;yes&#8220; text_color=&#8220;dark&#8220; text_align=&#8220;left&#8220; row_border_radius=&#8220;none&#8220; row_border_radius_applies=&#8220;bg&#8220; overflow=&#8220;visible&#8220; overlay_strength=&#8220;0.3&#8243; gradient_direction=&#8220;left_to_right&#8220; shape_divider_position=&#8220;bottom&#8220; bg_image_animation=&#8220;none&#8220; gradient_type=&#8220;default&#8220; shape_type=&#8220;&#8220;][vc_column column_padding=&#8220;no-extra-padding&#8220; column_padding_tablet=&#8220;inherit&#8220; column_padding_phone=&#8220;inherit&#8220; column_padding_position=&#8220;all&#8220; column_element_direction_desktop=&#8220;default&#8220; column_element_spacing=&#8220;default&#8220; desktop_text_alignment=&#8220;default&#8220; tablet_text_alignment=&#8220;default&#8220; phone_text_alignment=&#8220;default&#8220; background_color_opacity=&#8220;1&#8243; background_hover_color_opacity=&#8220;1&#8243; column_backdrop_filter=&#8220;none&#8220; column_shadow=&#8220;none&#8220; column_border_radius=&#8220;none&#8220; column_link_target=&#8220;_self&#8220; column_position=&#8220;default&#8220; gradient_direction=&#8220;left_to_right&#8220; overlay_strength=&#8220;0.3&#8243; width=&#8220;1\/2&#8243; tablet_width_inherit=&#8220;default&#8220; animation_type=&#8220;default&#8220; bg_image_animation=&#8220;none&#8220; border_type=&#8220;simple&#8220; column_border_width=&#8220;none&#8220; column_border_style=&#8220;solid&#8220; column_padding_type=&#8220;default&#8220; gradient_type=&#8220;default&#8220;][nectar_gmap map_type=&#8220;leaflet&#8220; zoom=&#8220;7&#8243; marker_style=&#8220;default&#8220; color=&#8220;accent-color&#8220; size=&#8220;790&#8243; map_center_lat=&#8220;46.416616&#8243; map_center_lng=&#8220;15.985743&#8243; map_markers=&#8220;46.407268|16.164405|PE Ormo\u017e &#8211; Opekarni\u0161ka 17a, 2270 Ormo\u017e, SI<br \/> 46.084002|14.483696|PE Ljubljana: \u017diherStudio &#8211; Stegne 11c, 1000 Ljubljana, SI&#8220;][\/vc_column][vc_column column_padding=&#8220;padding-5-percent&#8220; column_padding_tablet=&#8220;inherit&#8220; column_padding_phone=&#8220;inherit&#8220; column_padding_position=&#8220;all&#8220; column_element_direction_desktop=&#8220;default&#8220; column_element_spacing=&#8220;default&#8220; desktop_text_alignment=&#8220;default&#8220; tablet_text_alignment=&#8220;default&#8220; phone_text_alignment=&#8220;default&#8220; background_color_opacity=&#8220;1&#8243; background_hover_color_opacity=&#8220;1&#8243; column_backdrop_filter=&#8220;none&#8220; column_shadow=&#8220;none&#8220; column_border_radius=&#8220;none&#8220; column_link_target=&#8220;_self&#8220; column_position=&#8220;default&#8220; el_class=&#8220;lokacije&#8220; gradient_direction=&#8220;left_to_right&#8220; overlay_strength=&#8220;0.3&#8243; width=&#8220;1\/2&#8243; tablet_width_inherit=&#8220;default&#8220; animation_type=&#8220;default&#8220; bg_image_animation=&#8220;none&#8220; border_type=&#8220;simple&#8220; column_border_width=&#8220;none&#8220; column_border_style=&#8220;solid&#8220; column_padding_type=&#8220;default&#8220; gradient_type=&#8220;default&#8220;][divider line_type=&#8220;No Line&#8220; custom_height=&#8220;0&#8243; custom_height_tablet=&#8220;20&#8243; custom_height_phone=&#8220;20&#8243;][vc_column_text css=&#8220;&#8220; text_direction=&#8220;default&#8220; el_class=&#8220;nadnaslov&#8220;]STANDORTE[\/vc_column_text][split_line_heading animation_type=&#8220;line-reveal-by-space&#8220; font_style=&#8220;h2&#8243; line_reveal_by_space_text_effect=&#8220;none&#8220; content_alignment=&#8220;default&#8220; mobile_content_alignment=&#8220;inherit&#8220; link_target=&#8220;_self&#8220; text_content=&#8220;WO SIE UNS FINDEN&#8220; text_direction=&#8220;default&#8220;][\/split_line_heading]<div class=\"iwithtext\"><div class=\"iwt-icon\"> <img decoding=\"async\" src=\"https:\/\/ziher-hise.si\/wp-content\/uploads\/2025\/08\/Ikona-lokacija.svg\" alt=\"\" \/> <\/div><div class=\"iwt-text\"> <strong>\u017diher hi\u0161e, d.o.o.<\/strong><br \/>Mo\u0161kanjci 1\/g, 2272 Gori\u0161nica, SI<\/p>\n<p><a href=\"tel:+38641417069\">+386 (0) 41 417 069<br \/><\/a><a href=\"mailto:info@ziher.si\">info@ziher.si<\/a> <\/div><div class=\"clear\"><\/div><\/div>[divider line_type=&#8220;No Line&#8220; custom_height=&#8220;20&#8243;]<div class=\"iwithtext\"><div class=\"iwt-icon\"> <img decoding=\"async\" src=\"https:\/\/ziher-hise.si\/wp-content\/uploads\/2025\/08\/Ikona-lokacija.svg\" alt=\"\" \/> <\/div><div class=\"iwt-text\"> <strong>PE Ljubljana:<\/strong><br \/>\u017diherStudio Stegne 11c, 1000 Ljubljana, SI<\/p>\n<p><a href=\"tel:+38631668400\">+386 (0)31 668 400<\/a><br \/><a href=\"mailto:studio@ziher.si\">studio@ziher.si<\/a> <\/div><div class=\"clear\"><\/div><\/div>[divider line_type=&#8220;No Line&#8220; custom_height=&#8220;20&#8243;]<div class=\"iwithtext\"><div class=\"iwt-icon\"> <img decoding=\"async\" src=\"https:\/\/ziher-hise.si\/wp-content\/uploads\/2025\/08\/Ikona-lokacija.svg\" alt=\"\" \/> <\/div><div class=\"iwt-text\"> <strong>PE Ormo\u017e:<\/strong> Produktion und B\u00fcros<br \/>Opekarni\u0161ka 17a, 2270 Ormo\u017e, SI<\/p>\n<p><a href=\"tel:+38631611674\">+386 (0)31 611 674<\/a><br \/><a href=\"mailto:info@ziher.si\">info@ziher.si<\/a> <\/div><div class=\"clear\"><\/div><\/div>[divider line_type=&#8220;No Line&#8220; custom_height=&#8220;0&#8243; custom_height_phone=&#8220;0&#8243;][\/vc_column][\/vc_row]\n","protected":false},"excerpt":{"rendered":"<p>[vc_row type=&#8220;full_width_background&#8220; full_screen_row_position=&#8220;middle&#8220; column_margin=&#8220;default&#8220; equal_height=&#8220;yes&#8220; content_placement=&#8220;top&#8220; column_direction=&#8220;default&#8220; column_direction_tablet=&#8220;default&#8220; column_direction_phone=&#8220;default&#8220; bg_image=&#8220;245&#8243; bg_position=&#8220;left top&#8220; background_image_loading=&#8220;default&#8220; bg_repeat=&#8220;no-repeat&#8220; scene_position=&#8220;center&#8220;&#8230;<\/p>\n","protected":false},"author":1,"featured_media":0,"parent":0,"menu_order":0,"comment_status":"closed","ping_status":"closed","template":"","meta":{"inline_featured_image":false,"footnotes":""},"class_list":["post-1998","page","type-page","status-publish"],"_links":{"self":[{"href":"https:\/\/ziher-hise.si\/de\/wp-json\/wp\/v2\/pages\/1998","targetHints":{"allow":["GET"]}}],"collection":[{"href":"https:\/\/ziher-hise.si\/de\/wp-json\/wp\/v2\/pages"}],"about":[{"href":"https:\/\/ziher-hise.si\/de\/wp-json\/wp\/v2\/types\/page"}],"author":[{"embeddable":true,"href":"https:\/\/ziher-hise.si\/de\/wp-json\/wp\/v2\/users\/1"}],"replies":[{"embeddable":true,"href":"https:\/\/ziher-hise.si\/de\/wp-json\/wp\/v2\/comments?post=1998"}],"version-history":[{"count":0,"href":"https:\/\/ziher-hise.si\/de\/wp-json\/wp\/v2\/pages\/1998\/revisions"}],"wp:attachment":[{"href":"https:\/\/ziher-hise.si\/de\/wp-json\/wp\/v2\/media?parent=1998"}],"curies":[{"name":"wp","href":"https:\/\/api.w.org\/{rel}","templated":true}]}}