{"id":1901,"date":"2025-09-07T12:37:15","date_gmt":"2025-09-07T11:37:15","guid":{"rendered":"https:\/\/ziher-hise.si\/ueber-uns\/"},"modified":"2025-12-02T13:19:26","modified_gmt":"2025-12-02T12:19:26","slug":"ueber-uns","status":"publish","type":"page","link":"https:\/\/ziher-hise.si\/de\/ueber-uns\/","title":{"rendered":"\u00dcber uns"},"content":{"rendered":"[vc_row type=&#8220;full_width_background&#8220; full_screen_row_position=&#8220;middle&#8220; column_margin=&#8220;70px&#8220; equal_height=&#8220;yes&#8220; content_placement=&#8220;middle&#8220; column_direction=&#8220;default&#8220; column_direction_tablet=&#8220;default&#8220; column_direction_phone=&#8220;default&#8220; scene_position=&#8220;center&#8220; top_padding=&#8220;100px&#8220; constrain_group_1=&#8220;yes&#8220; bottom_padding=&#8220;100px&#8220; top_padding_phone=&#8220;50px&#8220; constrain_group_5=&#8220;yes&#8220; bottom_padding_phone=&#8220;50px&#8220; text_color=&#8220;dark&#8220; text_align=&#8220;left&#8220; row_border_radius=&#8220;none&#8220; row_border_radius_applies=&#8220;bg&#8220; overflow=&#8220;visible&#8220; class=&#8220;mb0 opodjetju&#8220; overlay_strength=&#8220;0.3&#8243; gradient_direction=&#8220;left_to_right&#8220; shape_divider_position=&#8220;bottom&#8220; bg_image_animation=&#8220;none&#8220; gradient_type=&#8220;default&#8220; shape_type=&#8220;&#8220;][vc_column column_padding=&#8220;no-extra-padding&#8220; column_padding_tablet=&#8220;inherit&#8220; column_padding_phone=&#8220;inherit&#8220; column_padding_position=&#8220;all&#8220; column_element_direction_desktop=&#8220;default&#8220; column_element_spacing=&#8220;default&#8220; desktop_text_alignment=&#8220;default&#8220; tablet_text_alignment=&#8220;default&#8220; phone_text_alignment=&#8220;default&#8220; background_color_opacity=&#8220;1&#8243; background_hover_color_opacity=&#8220;1&#8243; background_image=&#8220;1084&#8243; background_image_position=&#8220;center center&#8220; background_image_stacking=&#8220;default&#8220; enable_bg_scale=&#8220;true&#8220; background_image_loading=&#8220;default&#8220; column_backdrop_filter=&#8220;none&#8220; column_shadow=&#8220;none&#8220; column_border_radius=&#8220;none&#8220; column_link_target=&#8220;_self&#8220; column_position=&#8220;default&#8220; el_class=&#8220;onas_bgfix&#8220; gradient_direction=&#8220;left_to_right&#8220; overlay_strength=&#8220;0.3&#8243; width=&#8220;1\/2&#8243; tablet_width_inherit=&#8220;default&#8220; animation_type=&#8220;default&#8220; bg_image_animation=&#8220;none&#8220; border_type=&#8220;simple&#8220; column_border_width=&#8220;none&#8220; column_border_style=&#8220;solid&#8220; column_padding_type=&#8220;default&#8220; gradient_type=&#8220;default&#8220;][image_with_animation image_url=&#8220;1212&#8243; image_size=&#8220;full&#8220; max_width=&#8220;custom&#8220; animation_type=&#8220;entrance&#8220; animation=&#8220;None&#8220; animation_movement_type=&#8220;transform_y&#8220; hover_animation=&#8220;none&#8220; alignment=&#8220;&#8220; border_radius=&#8220;none&#8220; box_shadow=&#8220;none&#8220; image_loading=&#8220;default&#8220; position_desktop=&#8220;relative&#8220; top_position_desktop=&#8220;50px&#8220; max_width_custom=&#8220;265px&#8220;][vc_row_inner column_margin=&#8220;none&#8220; column_direction=&#8220;default&#8220; column_direction_tablet=&#8220;default&#8220; column_direction_phone=&#8220;default&#8220; text_align=&#8220;left&#8220; row_position=&#8220;default&#8220; row_position_tablet=&#8220;inherit&#8220; row_position_phone=&#8220;inherit&#8220; overflow=&#8220;visible&#8220; pointer_events=&#8220;all&#8220; class=&#8220;mb0 mw267 let40&#8243;][vc_column_inner column_padding=&#8220;no-extra-padding&#8220; column_padding_tablet=&#8220;inherit&#8220; column_padding_phone=&#8220;inherit&#8220; column_padding_position=&#8220;all&#8220; column_element_direction_desktop=&#8220;default&#8220; column_element_spacing=&#8220;default&#8220; desktop_text_alignment=&#8220;default&#8220; tablet_text_alignment=&#8220;default&#8220; phone_text_alignment=&#8220;default&#8220; background_color_opacity=&#8220;1&#8243; background_hover_color_opacity=&#8220;1&#8243; column_backdrop_filter=&#8220;none&#8220; column_shadow=&#8220;none&#8220; column_border_radius=&#8220;none&#8220; column_link_target=&#8220;_self&#8220; zindex=&#8220;99&#8243; overflow=&#8220;visible&#8220; gradient_direction=&#8220;left_to_right&#8220; overlay_strength=&#8220;0.3&#8243; width=&#8220;1\/1&#8243; tablet_width_inherit=&#8220;default&#8220; animation_type=&#8220;default&#8220; bg_image_animation=&#8220;none&#8220; border_type=&#8220;simple&#8220; column_border_width=&#8220;none&#8220; column_border_style=&#8220;solid&#8220; column_padding_type=&#8220;default&#8220; gradient_type=&#8220;default&#8220;][milestone heading_inherit=&#8220;h2&#8243; subject_padding=&#8220;0&#8243; color=&#8220;Accent-Color&#8220; effect=&#8220;count&#8220; milestone_alignment=&#8220;left&#8220; number=&#8220;40&#8243; subject=&#8220;Jahre Erfahrung&#8220;][\/vc_column_inner][\/vc_row_inner][divider line_type=&#8220;No Line&#8220; custom_height=&#8220;270&#8243; custom_height_phone=&#8220;80&#8243; custom_height_tablet=&#8220;150&#8243;][\/vc_column][vc_column column_padding=&#8220;no-extra-padding&#8220; column_padding_tablet=&#8220;inherit&#8220; column_padding_phone=&#8220;inherit&#8220; column_padding_position=&#8220;all&#8220; column_element_direction_desktop=&#8220;default&#8220; column_element_spacing=&#8220;default&#8220; desktop_text_alignment=&#8220;default&#8220; tablet_text_alignment=&#8220;default&#8220; phone_text_alignment=&#8220;default&#8220; background_color_opacity=&#8220;1&#8243; background_hover_color_opacity=&#8220;1&#8243; column_backdrop_filter=&#8220;none&#8220; column_shadow=&#8220;none&#8220; column_border_radius=&#8220;none&#8220; column_link_target=&#8220;_self&#8220; column_position=&#8220;default&#8220; gradient_direction=&#8220;left_to_right&#8220; overlay_strength=&#8220;0.3&#8243; width=&#8220;1\/2&#8243; tablet_width_inherit=&#8220;default&#8220; animation_type=&#8220;default&#8220; bg_image_animation=&#8220;none&#8220; border_type=&#8220;simple&#8220; column_border_width=&#8220;none&#8220; column_border_style=&#8220;solid&#8220;][vc_column_text css=&#8220;&#8220; text_direction=&#8220;default&#8220; el_class=&#8220;nadnaslov skrijmobile&#8220;]\u00dcBER UNS[\/vc_column_text][split_line_heading animation_type=&#8220;line-reveal-by-space&#8220; font_style=&#8220;h2&#8243; text_color=&#8220;#000000&#8243; line_reveal_by_space_text_effect=&#8220;none&#8220; content_alignment=&#8220;left&#8220; mobile_content_alignment=&#8220;left&#8220; link_target=&#8220;_self&#8220; text_content=&#8220;Seit \u00fcber 40 Jahren an Ihrer Seite&#8220; text_direction=&#8220;default&#8220;]W\u00e4hlen Sie Ihr Traumhaus[\/split_line_heading][vc_column_text css=&#8220;&#8220; max_width=&#8220;540&#8243; text_direction=&#8220;default&#8220; el_class=&#8220;block&#8220;]\u017diher d.o.o. ist ein Familienunternehmen mit \u00fcber vier Jahrzehnten Erfahrung im Baugewerbe. Wir sind bekannt f\u00fcr hohe Ausf\u00fchrungsqualit\u00e4t, Zuverl\u00e4ssigkeit und die Garantie, die hinter jedem unserer Projekte steht. Unser gr\u00f6\u00dfter Wert sind unsere fachlich geschulten Mitarbeiter, die mit Engagement, Wissen und einem Gesp\u00fcr f\u00fcr die Kunden daf\u00fcr sorgen, dass jedes Projekt kompromisslos umgesetzt wird. Durch st\u00e4ndige Marktbeobachtung und das Verst\u00e4ndnis der Bed\u00fcrfnisse unserer Kunden gew\u00e4hrleisten wir ein optimales Verh\u00e4ltnis zwischen Qualit\u00e4t und Preis \u2013 alles im Hinblick auf langfristige Zufriedenheit.   <\/p>\n<p>Neben dem Bau von \u017diher-H\u00e4usern bieten wir auch eine breite Palette von Baudienstleistungen an, mit denen wir eine Komplettl\u00f6sung \u2013 <strong>von der Idee bis zum Einzug<\/strong> \u2013 gew\u00e4hrleisten.<\/p>\n<p>Vertrauen Sie uns den Bau Ihres Zuhauses an \u2013 wir sorgen daf\u00fcr, dass es solide, energieeffizient und nach Ihren W\u00fcnschen gebaut wird.[\/vc_column_text][\/vc_column][\/vc_row][vc_row type=&#8220;full_width_background&#8220; full_screen_row_position=&#8220;middle&#8220; column_margin=&#8220;70px&#8220; equal_height=&#8220;yes&#8220; content_placement=&#8220;middle&#8220; column_direction=&#8220;default&#8220; column_direction_tablet=&#8220;default&#8220; column_direction_phone=&#8220;default&#8220; bg_image=&#8220;245&#8243; bg_position=&#8220;left top&#8220; background_image_loading=&#8220;default&#8220; bg_repeat=&#8220;no-repeat&#8220; scene_position=&#8220;center&#8220; top_padding=&#8220;100px&#8220; constrain_group_1=&#8220;yes&#8220; bottom_padding=&#8220;100px&#8220; left_padding_desktop=&#8220;13%&#8220; constrain_group_2=&#8220;yes&#8220; right_padding_desktop=&#8220;13%&#8220; left_padding_tablet=&#8220;6%&#8220; constrain_group_4=&#8220;yes&#8220; right_padding_tablet=&#8220;6%&#8220; top_padding_phone=&#8220;50px&#8220; constrain_group_5=&#8220;yes&#8220; bottom_padding_phone=&#8220;50px&#8220; left_padding_phone=&#8220;0%&#8220; constrain_group_6=&#8220;yes&#8220; right_padding_phone=&#8220;0%&#8220; left_margin=&#8220;0&#8243; text_color=&#8220;dark&#8220; text_align=&#8220;center&#8220; row_border_radius=&#8220;none&#8220; row_border_radius_applies=&#8220;bg&#8220; overflow=&#8220;visible&#8220; class=&#8220;mb0 opodjetju&#8220; color_overlay=&#8220;#fffcfc&#8220; overlay_strength=&#8220;0.5&#8243; gradient_direction=&#8220;left_to_right&#8220; shape_divider_position=&#8220;bottom&#8220; bg_image_animation=&#8220;none&#8220; gradient_type=&#8220;default&#8220; shape_type=&#8220;&#8220;][vc_column column_padding=&#8220;no-extra-padding&#8220; column_padding_tablet=&#8220;inherit&#8220; column_padding_phone=&#8220;inherit&#8220; column_padding_position=&#8220;all&#8220; column_element_direction_desktop=&#8220;default&#8220; column_element_spacing=&#8220;default&#8220; centered_text=&#8220;true&#8220; desktop_text_alignment=&#8220;center&#8220; tablet_text_alignment=&#8220;default&#8220; phone_text_alignment=&#8220;default&#8220; background_color_opacity=&#8220;1&#8243; background_hover_color_opacity=&#8220;1&#8243; column_backdrop_filter=&#8220;none&#8220; column_shadow=&#8220;none&#8220; column_border_radius=&#8220;none&#8220; column_link_target=&#8220;_self&#8220; column_position=&#8220;default&#8220; gradient_direction=&#8220;left_to_right&#8220; overlay_strength=&#8220;0.3&#8243; width=&#8220;1\/1&#8243; tablet_width_inherit=&#8220;default&#8220; animation_type=&#8220;default&#8220; bg_image_animation=&#8220;none&#8220; border_type=&#8220;simple&#8220; column_border_width=&#8220;none&#8220; column_border_style=&#8220;solid&#8220; column_padding_type=&#8220;default&#8220; gradient_type=&#8220;default&#8220;][split_line_heading animation_type=&#8220;line-reveal-by-space&#8220; font_style=&#8220;h3&#8243; text_color=&#8220;#000000&#8243; line_reveal_by_space_text_effect=&#8220;none&#8220; content_alignment=&#8220;default&#8220; mobile_content_alignment=&#8220;inherit&#8220; link_target=&#8220;_self&#8220; text_content=&#8220;Wir h\u00f6ren auf Ihre W\u00fcnsche&#8220; text_direction=&#8220;default&#8220;]W\u00e4hlen Sie Ihr Traumhaus[\/split_line_heading][nectar_single_testimonial testimonial_style=&#8220;small_modern&#8220; image=&#8220;534&#8243; add_image_shadow=&#8220;true&#8220; color=&#8220;Default&#8220; quote=&#8220;Seit \u00fcber 40 Jahren wachsen wir gemeinsam mit unseren Kunden. Aus bescheidenen Anf\u00e4ngen haben wir uns zu einem Unternehmen entwickelt, das auf Wissen, Vertrauen und dem Engagement f\u00fcr Exzellenz basiert. Unser Ziel ist einfach \u2013 Ihren W\u00fcnschen zuzuh\u00f6ren und gemeinsam ein Zuhause zu schaffen, das Ihre Geschichte widerspiegelt.  &#8220; name=&#8220;Marko \u017diher&#8220; subtitle=&#8220;Direktor dru\u017ebe&#8220;][\/vc_column][\/vc_row][vc_row type=&#8220;full_width_background&#8220; full_screen_row_position=&#8220;middle&#8220; column_margin=&#8220;default&#8220; equal_height=&#8220;yes&#8220; content_placement=&#8220;top&#8220; column_direction=&#8220;default&#8220; column_direction_tablet=&#8220;default&#8220; column_direction_phone=&#8220;default&#8220; scene_position=&#8220;center&#8220; top_padding=&#8220;100px&#8220; bottom_padding=&#8220;109px&#8220; top_padding_phone=&#8220;50px&#8220; constrain_group_5=&#8220;yes&#8220; bottom_padding_phone=&#8220;50px&#8220; text_color=&#8220;dark&#8220; text_align=&#8220;left&#8220; row_border_radius=&#8220;none&#8220; row_border_radius_applies=&#8220;bg&#8220; overflow=&#8220;visible&#8220; class=&#8220;mb0&#8243; color_overlay=&#8220;#fffcfc&#8220; overlay_strength=&#8220;0.5&#8243; gradient_direction=&#8220;left_to_right&#8220; shape_divider_position=&#8220;bottom&#8220; bg_image_animation=&#8220;none&#8220; gradient_type=&#8220;default&#8220; shape_type=&#8220;&#8220;][vc_column column_padding=&#8220;no-extra-padding&#8220; column_padding_tablet=&#8220;inherit&#8220; column_padding_phone=&#8220;inherit&#8220; column_padding_position=&#8220;all&#8220; column_element_direction_desktop=&#8220;default&#8220; column_element_spacing=&#8220;default&#8220; desktop_text_alignment=&#8220;default&#8220; tablet_text_alignment=&#8220;default&#8220; phone_text_alignment=&#8220;default&#8220; background_color_opacity=&#8220;1&#8243; background_hover_color_opacity=&#8220;1&#8243; column_backdrop_filter=&#8220;none&#8220; column_shadow=&#8220;none&#8220; column_border_radius=&#8220;none&#8220; column_link_target=&#8220;_self&#8220; column_position=&#8220;default&#8220; gradient_direction=&#8220;left_to_right&#8220; overlay_strength=&#8220;0.3&#8243; width=&#8220;1\/4&#8243; tablet_width_inherit=&#8220;default&#8220; animation_type=&#8220;default&#8220; bg_image_animation=&#8220;none&#8220; border_type=&#8220;simple&#8220; column_border_width=&#8220;none&#8220; column_border_style=&#8220;solid&#8220;][split_line_heading animation_type=&#8220;line-reveal-by-space&#8220; font_style=&#8220;h2&#8243; text_color=&#8220;#000000&#8243; line_reveal_by_space_text_effect=&#8220;none&#8220; content_alignment=&#8220;left&#8220; mobile_content_alignment=&#8220;left&#8220; link_target=&#8220;_self&#8220; text_content=&#8220;Lernen Sie uns kennen&#8220; text_direction=&#8220;default&#8220;][\/split_line_heading][\/vc_column][vc_column column_padding=&#8220;no-extra-padding&#8220; column_padding_tablet=&#8220;inherit&#8220; column_padding_phone=&#8220;inherit&#8220; column_padding_position=&#8220;all&#8220; column_element_direction_desktop=&#8220;default&#8220; column_element_spacing=&#8220;default&#8220; desktop_text_alignment=&#8220;default&#8220; tablet_text_alignment=&#8220;default&#8220; phone_text_alignment=&#8220;default&#8220; background_color_opacity=&#8220;1&#8243; background_hover_color_opacity=&#8220;1&#8243; column_backdrop_filter=&#8220;none&#8220; column_shadow=&#8220;none&#8220; column_border_radius=&#8220;none&#8220; column_link_target=&#8220;_self&#8220; column_position=&#8220;default&#8220; el_class=&#8220;ekipa5&#8243; gradient_direction=&#8220;left_to_right&#8220; overlay_strength=&#8220;0.3&#8243; width=&#8220;3\/4&#8243; tablet_width_inherit=&#8220;default&#8220; animation_type=&#8220;default&#8220; bg_image_animation=&#8220;none&#8220; border_type=&#8220;simple&#8220; column_border_width=&#8220;none&#8220; column_border_style=&#8220;solid&#8220; column_padding_type=&#8220;default&#8220; gradient_type=&#8220;default&#8220;][vc_row_inner equal_height=&#8220;yes&#8220; content_placement=&#8220;top&#8220; column_margin=&#8220;default&#8220; column_direction=&#8220;default&#8220; column_direction_tablet=&#8220;default&#8220; column_direction_phone=&#8220;default&#8220; text_align=&#8220;left&#8220; row_position=&#8220;default&#8220; row_position_tablet=&#8220;inherit&#8220; row_position_phone=&#8220;inherit&#8220; overflow=&#8220;visible&#8220; pointer_events=&#8220;all&#8220; class=&#8220;tehnologija_block mb0 tehnologija_block2&#8243;][vc_column_inner column_padding=&#8220;no-extra-padding&#8220; column_padding_tablet=&#8220;inherit&#8220; column_padding_phone=&#8220;inherit&#8220; column_padding_position=&#8220;all&#8220; column_element_direction_desktop=&#8220;default&#8220; column_element_spacing=&#8220;default&#8220; desktop_text_alignment=&#8220;default&#8220; tablet_text_alignment=&#8220;default&#8220; phone_text_alignment=&#8220;default&#8220; background_color_opacity=&#8220;1&#8243; background_hover_color_opacity=&#8220;1&#8243; column_backdrop_filter=&#8220;none&#8220; column_shadow=&#8220;none&#8220; column_border_radius=&#8220;none&#8220; column_link_target=&#8220;_self&#8220; overflow=&#8220;visible&#8220; gradient_direction=&#8220;left_to_right&#8220; overlay_strength=&#8220;0.3&#8243; width=&#8220;1\/3&#8243; tablet_width_inherit=&#8220;default&#8220; animation_type=&#8220;default&#8220; bg_image_animation=&#8220;none&#8220; border_type=&#8220;simple&#8220; column_border_width=&#8220;none&#8220; column_border_style=&#8220;solid&#8220;][divider line_type=&#8220;No Line&#8220; custom_height=&#8220;60&#8243; custom_height_tablet=&#8220;50&#8243; custom_height_phone=&#8220;30&#8243;][team_member image_url=&#8220;534&#8243; team_memeber_style=&#8220;meta_below&#8220; link_element=&#8220;none&#8220; color=&#8220;Accent-Color&#8220; name=&#8220;Marko \u017diher&#8220; job_position=&#8220;Gesch\u00e4ftsf\u00fchrer&#8220; href=&#8220;&#8222;mailto:marko.ziher@ziher.si&#8222;&#8220;]T: <a href=\"tel:+386%20(0)2%20743%2008%2040\">+386 (0)2 743 08 40<\/a><br \/>E: <a href=\"mailto:marko.ziher@ziher.si\" data-link=\"mailto:marko.ziher@ziher.si\">marko.ziher@ziher.si<\/a><\/p>\n<p><strong>Lorem Ipsum<\/strong> ist einfach ein Blindtext der Druck- und Satzindustrie. Lorem Ipsum ist seit den 1500er Jahren der Standard-Blindtext der Branche, als ein unbekannter Drucker eine Druckplatte mit Schrift nahm und sie durcheinanderbrachte, um ein Schriftmusterbuch zu erstellen. Es hat nicht nur f\u00fcnf Jahrhunderte \u00fcberlebt, sondern auch den Sprung in den elektronischen Satz, wobei es im Wesentlichen unver\u00e4ndert blieb. Es wurde in den 1960er Jahren mit der Ver\u00f6ffentlichung von Letraset-Bl\u00e4ttern, die Lorem-Ipsum-Passagen enthielten, und in j\u00fcngerer Zeit mit Desktop-Publishing-Software wie Aldus PageMaker, einschlie\u00dflich Versionen von Lorem Ipsum[\/team_member][\/vc_column_inner][vc_column_inner column_padding=&#8220;no-extra-padding&#8220; column_padding_tablet=&#8220;inherit&#8220; column_padding_phone=&#8220;inherit&#8220; column_padding_position=&#8220;all&#8220; column_element_direction_desktop=&#8220;default&#8220; column_element_spacing=&#8220;default&#8220; desktop_text_alignment=&#8220;default&#8220; tablet_text_alignment=&#8220;default&#8220; phone_text_alignment=&#8220;default&#8220; background_color_opacity=&#8220;1&#8243; background_hover_color_opacity=&#8220;1&#8243; column_backdrop_filter=&#8220;none&#8220; column_shadow=&#8220;none&#8220; column_border_radius=&#8220;none&#8220; column_link_target=&#8220;_self&#8220; overflow=&#8220;visible&#8220; gradient_direction=&#8220;left_to_right&#8220; overlay_strength=&#8220;0.3&#8243; width=&#8220;1\/3&#8243; tablet_width_inherit=&#8220;default&#8220; animation_type=&#8220;default&#8220; bg_image_animation=&#8220;none&#8220; border_type=&#8220;simple&#8220; column_border_width=&#8220;none&#8220; column_border_style=&#8220;solid&#8220;][divider line_type=&#8220;No Line&#8220; custom_height=&#8220;60&#8243; custom_height_tablet=&#8220;50&#8243; custom_height_phone=&#8220;30&#8243;][team_member image_url=&#8220;1449&#8243; team_memeber_style=&#8220;meta_below&#8220; link_element=&#8220;none&#8220; color=&#8220;Accent-Color&#8220; name=&#8220;Melita \u017diher&#8220; job_position=&#8220;Direktorin \u017diher-H\u00e4user \/ Leiterin FRS&#8220; href=&#8220;&#8222;mailto:marko.ziher@ziher.si&#8222;&#8220;]T: <a href=\"tel:+386%20(0)2%20743%2008%2040\">+386 (0)2 743 08 40<\/a><br \/>E: <a href=\"mailto:marko.ziher@ziher.si\" data-link=\"mailto:marko.ziher@ziher.si\">marko.ziher@ziher.si<\/a><\/p>\n<p><strong>Lorem Ipsum<\/strong> ist einfach ein Blindtext der Druck- und Satzindustrie. Lorem Ipsum ist seit den 1500er Jahren der Standard-Blindtext der Branche, als ein unbekannter Drucker eine Druckplatte mit Schrift nahm und sie durcheinanderbrachte, um ein Schriftmusterbuch zu erstellen. Es hat nicht nur f\u00fcnf Jahrhunderte \u00fcberlebt, sondern auch den Sprung in den elektronischen Satz, wobei es im Wesentlichen unver\u00e4ndert blieb. Es wurde in den 1960er Jahren mit der Ver\u00f6ffentlichung von Letraset-Bl\u00e4ttern, die Lorem-Ipsum-Passagen enthielten, und in j\u00fcngerer Zeit mit Desktop-Publishing-Software wie Aldus PageMaker, einschlie\u00dflich Versionen von Lorem Ipsum.[\/team_member][\/vc_column_inner][vc_column_inner column_padding=&#8220;no-extra-padding&#8220; column_padding_tablet=&#8220;inherit&#8220; column_padding_phone=&#8220;inherit&#8220; column_padding_position=&#8220;all&#8220; column_element_direction_desktop=&#8220;default&#8220; column_element_spacing=&#8220;default&#8220; desktop_text_alignment=&#8220;default&#8220; tablet_text_alignment=&#8220;default&#8220; phone_text_alignment=&#8220;default&#8220; background_color_opacity=&#8220;1&#8243; background_hover_color_opacity=&#8220;1&#8243; column_backdrop_filter=&#8220;none&#8220; column_shadow=&#8220;none&#8220; column_border_radius=&#8220;none&#8220; column_link_target=&#8220;_self&#8220; overflow=&#8220;visible&#8220; gradient_direction=&#8220;left_to_right&#8220; overlay_strength=&#8220;0.3&#8243; width=&#8220;1\/3&#8243; tablet_width_inherit=&#8220;default&#8220; animation_type=&#8220;default&#8220; bg_image_animation=&#8220;none&#8220; border_type=&#8220;simple&#8220; column_border_width=&#8220;none&#8220; column_border_style=&#8220;solid&#8220;][divider line_type=&#8220;No Line&#8220; custom_height=&#8220;60&#8243; custom_height_tablet=&#8220;50&#8243; custom_height_phone=&#8220;30&#8243;][team_member image_url=&#8220;1482&#8243; team_memeber_style=&#8220;meta_below&#8220; link_element=&#8220;none&#8220; color=&#8220;Accent-Color&#8220; name=&#8220;Tina Preac&#8220; job_position=&#8220;Technische Direktorin&#8220; href=&#8220;&#8222;mailto:marko.ziher@ziher.si&#8222;&#8220;]T: <a href=\"tel:+386%20(0)2%20743%2008%2040\">+386 (0)2 743 08 40<\/a><br \/>E: <a href=\"mailto:marko.ziher@ziher.si\" data-link=\"mailto:marko.ziher@ziher.si\">marko.ziher@ziher.si<\/a><\/p>\n<p><strong>Lorem Ipsum<\/strong> ist einfach ein Blindtext der Druck- und Satzindustrie. Lorem Ipsum ist seit den 1500er Jahren der Standard-Blindtext der Branche, als ein unbekannter Drucker eine Druckplatte mit Schrift nahm und sie durcheinanderbrachte, um ein Schriftmusterbuch zu erstellen. Es hat nicht nur f\u00fcnf Jahrhunderte \u00fcberlebt, sondern auch den Sprung in den elektronischen Satz, wobei es im Wesentlichen unver\u00e4ndert blieb. Es wurde in den 1960er Jahren mit der Ver\u00f6ffentlichung von Letraset-Bl\u00e4ttern, die Lorem-Ipsum-Passagen enthielten, und in j\u00fcngerer Zeit mit Desktop-Publishing-Software wie Aldus PageMaker, einschlie\u00dflich Versionen von Lorem Ipsum.[\/team_member][\/vc_column_inner][\/vc_row_inner][\/vc_column][\/vc_row][vc_row type=&#8220;in_container&#8220; full_screen_row_position=&#8220;middle&#8220; column_margin=&#8220;default&#8220; column_direction=&#8220;default&#8220; column_direction_tablet=&#8220;default&#8220; column_direction_phone=&#8220;default&#8220; scene_position=&#8220;center&#8220; text_color=&#8220;dark&#8220; text_align=&#8220;left&#8220; row_border_radius=&#8220;none&#8220; row_border_radius_applies=&#8220;bg&#8220; overflow=&#8220;visible&#8220; overlay_strength=&#8220;0.3&#8243; gradient_direction=&#8220;left_to_right&#8220; shape_divider_position=&#8220;bottom&#8220; bg_image_animation=&#8220;none&#8220;][vc_column column_padding=&#8220;no-extra-padding&#8220; column_padding_tablet=&#8220;inherit&#8220; column_padding_phone=&#8220;inherit&#8220; column_padding_position=&#8220;all&#8220; column_element_direction_desktop=&#8220;default&#8220; column_element_spacing=&#8220;default&#8220; desktop_text_alignment=&#8220;default&#8220; tablet_text_alignment=&#8220;default&#8220; phone_text_alignment=&#8220;default&#8220; background_color_opacity=&#8220;1&#8243; background_hover_color_opacity=&#8220;1&#8243; column_backdrop_filter=&#8220;none&#8220; column_shadow=&#8220;none&#8220; column_border_radius=&#8220;none&#8220; column_link_target=&#8220;_self&#8220; column_position=&#8220;default&#8220; gradient_direction=&#8220;left_to_right&#8220; overlay_strength=&#8220;0.3&#8243; width=&#8220;1\/1&#8243; tablet_width_inherit=&#8220;default&#8220; animation_type=&#8220;default&#8220; bg_image_animation=&#8220;none&#8220; border_type=&#8220;simple&#8220; column_border_width=&#8220;none&#8220; column_border_style=&#8220;solid&#8220;][nectar_global_section id=&#8220;395&#8243;][\/vc_column][\/vc_row]\n","protected":false},"excerpt":{"rendered":"<p>[vc_row type=&#8220;full_width_background&#8220; full_screen_row_position=&#8220;middle&#8220; column_margin=&#8220;70px&#8220; equal_height=&#8220;yes&#8220; content_placement=&#8220;middle&#8220; column_direction=&#8220;default&#8220; column_direction_tablet=&#8220;default&#8220; column_direction_phone=&#8220;default&#8220; scene_position=&#8220;center&#8220; top_padding=&#8220;100px&#8220; constrain_group_1=&#8220;yes&#8220; bottom_padding=&#8220;100px&#8220; top_padding_phone=&#8220;50px&#8220; constrain_group_5=&#8220;yes&#8220;&#8230;<\/p>\n","protected":false},"author":1,"featured_media":0,"parent":0,"menu_order":0,"comment_status":"closed","ping_status":"closed","template":"","meta":{"inline_featured_image":false,"footnotes":""},"class_list":["post-1901","page","type-page","status-publish"],"_links":{"self":[{"href":"https:\/\/ziher-hise.si\/de\/wp-json\/wp\/v2\/pages\/1901","targetHints":{"allow":["GET"]}}],"collection":[{"href":"https:\/\/ziher-hise.si\/de\/wp-json\/wp\/v2\/pages"}],"about":[{"href":"https:\/\/ziher-hise.si\/de\/wp-json\/wp\/v2\/types\/page"}],"author":[{"embeddable":true,"href":"https:\/\/ziher-hise.si\/de\/wp-json\/wp\/v2\/users\/1"}],"replies":[{"embeddable":true,"href":"https:\/\/ziher-hise.si\/de\/wp-json\/wp\/v2\/comments?post=1901"}],"version-history":[{"count":0,"href":"https:\/\/ziher-hise.si\/de\/wp-json\/wp\/v2\/pages\/1901\/revisions"}],"wp:attachment":[{"href":"https:\/\/ziher-hise.si\/de\/wp-json\/wp\/v2\/media?parent=1901"}],"curies":[{"name":"wp","href":"https:\/\/api.w.org\/{rel}","templated":true}]}}